{"id":21759,"date":"2026-03-05T14:22:52","date_gmt":"2026-03-05T13:22:52","guid":{"rendered":"https:\/\/www.camping-coulvee-chemille.com\/?page_id=21759"},"modified":"2026-03-05T14:50:31","modified_gmt":"2026-03-05T13:50:31","slug":"the-campsite","status":"publish","type":"page","link":"https:\/\/www.camping-coulvee-chemille.com\/en\/the-campsite\/","title":{"rendered":"The Campsite"},"content":{"rendered":"<div class=\"fusion-fullwidth fullwidth-box fusion-builder-row-1 fusion-flex-container has-pattern-background has-mask-background nonhundred-percent-fullwidth non-hundred-percent-height-scrolling\" style=\"--awb-border-radius-top-left:0px;--awb-border-radius-top-right:0px;--awb-border-radius-bottom-right:0px;--awb-border-radius-bottom-left:0px;--awb-flex-wrap:wrap;\" ><div class=\"fusion-builder-row fusion-row fusion-flex-align-items-flex-start fusion-flex-content-wrap\" style=\"max-width:1216.8px;margin-left: calc(-4% \/ 2 );margin-right: calc(-4% \/ 2 );\"><div class=\"fusion-layout-column fusion_builder_column fusion-builder-column-0 fusion_builder_column_1_1 1_1 fusion-flex-column\" style=\"--awb-bg-size:cover;--awb-width-large:100%;--awb-margin-top-large:15px;--awb-spacing-right-large:1.92%;--awb-margin-bottom-large:15px;--awb-spacing-left-large:1.92%;--awb-width-medium:100%;--awb-order-medium:0;--awb-spacing-right-medium:1.92%;--awb-spacing-left-medium:1.92%;--awb-width-small:100%;--awb-order-small:0;--awb-spacing-right-small:1.92%;--awb-spacing-left-small:1.92%;\"><div class=\"fusion-column-wrapper fusion-column-has-shadow fusion-flex-justify-content-flex-start fusion-content-layout-column\"><div class=\"fusion-text fusion-text-1\"><p><span style=\"color: #000000; font-size: 24pt;\"><strong style=\"font-size: 50px;\" data-fusion-font=\"true\">A NATURAL SETTING PERFECT FOR<br \/>\nRELAXATION\u00a0<\/strong><\/span><\/p>\n<p data-start=\"92\" data-end=\"339\">Coulv\u00e9e Campsite is nestled in the heart of <strong>a natural environment<\/strong>. Surrounded by forests and bordered by a pond, it offers a peaceful setting for nature lovers. The sunsets provide a picturesque backdrop, perfect for relaxing after a busy day.<\/p>\n<p data-start=\"341\" data-end=\"494\">Photography enthusiasts will also enjoy capturing the ever-changing landscapes, enhanced by natural light that makes the scenery even more beautiful.<\/p>\n<p data-start=\"496\" data-end=\"579\">Here, we offer a range of accommodations and services tailored to your needs:<\/p>\n<ul>\n<li data-start=\"148\" data-end=\"225\"><strong data-start=\"148\" data-end=\"174\">40 well-shaded pitches<\/strong> with water and electricity for tents or caravans<\/li>\n<li data-start=\"148\" data-end=\"225\"><strong data-start=\"228\" data-end=\"241\">8 chalets<\/strong> accommodating 4 to 6 people, equipped with all modern amenities<\/li>\n<li data-start=\"148\" data-end=\"225\"><strong data-start=\"310\" data-end=\"339\">5 lodge and bivouac tents<\/strong> for 2 to 5 people, located facing the pond<\/li>\n<li data-start=\"148\" data-end=\"225\"><strong data-start=\"387\" data-end=\"417\">A supervised swimming area<\/strong> (with a certified lifeguard in July and August only)<\/li>\n<li data-start=\"148\" data-end=\"225\"><strong data-start=\"475\" data-end=\"491\">A playground<\/strong> suitable for children aged 6 and up<\/li>\n<li data-start=\"148\" data-end=\"225\"><strong data-start=\"532\" data-end=\"547\">A snack bar<\/strong> with a lovely terrace<\/li>\n<li data-start=\"148\" data-end=\"225\"><strong data-start=\"574\" data-end=\"612\">Morning bread and pastries service<\/strong> (July and August only)<\/li>\n<li data-start=\"148\" data-end=\"225\"><strong data-start=\"640\" data-end=\"649\">Shops<\/strong> in the town center of Chemill\u00e9<\/li>\n<li data-start=\"148\" data-end=\"225\"><strong data-start=\"685\" data-end=\"710\">Accessible facilities<\/strong> for people with reduced mobility<\/li>\n<li data-start=\"148\" data-end=\"225\"><strong data-start=\"748\" data-end=\"762\">Free Wi-Fi<\/strong> throughout the campsite<\/li>\n<\/ul>\n<p data-start=\"790\" data-end=\"1052\">Multiply your experiences at this small, friendly campsite: try your hand at catching minnows in the pond, rent a bike and explore the heights of Anjou, or discover the world of medicinal plants at the <a href=\"https:\/\/www.jardin-camifolia.com\/\"><strong data-start=\"992\" data-end=\"1033\"><span class=\"hover:entity-accent entity-underline inline cursor-pointer align-baseline\"><span class=\"whitespace-normal\">Jardin Camifolia<\/span><\/span><\/strong><\/a>, just 2 km away.<\/p>\n<p data-start=\"1054\" data-end=\"1147\">Check out our attractive rates and <strong data-start=\"1089\" data-end=\"1144\">book your stay at our Maine-et-Loire campsite today<\/strong>!<\/p>\n<ul>\n<li style=\"list-style-type: none;\"><\/li>\n<\/ul>\n<\/div><div class=\"fusion-image-carousel fusion-image-carousel-auto fusion-image-carousel-1\"><div data-slide-effect=\"slide\" class=\"awb-carousel awb-swiper awb-swiper-carousel awb-swiper-dots-position-bottom awb-carousel--slider\" data-layout=\"slider\" data-autoplay=\"no\" data-autoplayspeed=\"2500\" data-autoplaypause=\"no\" data-columns=\"5\" data-itemmargin=\"13\" data-itemwidth=\"180\" data-touchscroll=\"no\" data-freemode=\"no\" data-imagesize=\"auto\" data-scrollitems=\"0\" data-centeredslides=\"no\" data-rotationangle=\"50\" data-depth=\"100\" data-speed=\"500\" data-shadow=\"no\" style=\"--awb-dots-align:center;\"><div class=\"swiper-wrapper awb-image-carousel-wrapper fusion-flex-align-items-center\"><div class=\"swiper-slide\"><div class=\"fusion-carousel-item-wrapper\"><div class=\"fusion-image-wrapper hover-type-none\"><img decoding=\"async\" width=\"700\" height=\"450\" src=\"https:\/\/www.camping-coulvee-chemille.com\/wp-content\/uploads\/2026\/01\/tente-camping-amis-coulvee-chemille-cea-osez-mauges-\u00a9F.jpg\" class=\"attachment-full size-full lazyload\" alt=\"De\" srcset=\"data:image\/svg+xml,%3Csvg%20xmlns%3D%27http%3A%2F%2Fwww.w3.org%2F2000%2Fsvg%27%20width%3D%27700%27%20height%3D%27450%27%20viewBox%3D%270%200%20700%20450%27%3E%3Crect%20width%3D%27700%27%20height%3D%27450%27%20fill-opacity%3D%220%22%2F%3E%3C%2Fsvg%3E\" data-orig-src=\"https:\/\/www.camping-coulvee-chemille.com\/wp-content\/uploads\/2026\/01\/tente-camping-amis-coulvee-chemille-cea-osez-mauges-\u00a9F.jpg\" data-srcset=\"https:\/\/www.camping-coulvee-chemille.com\/wp-content\/uploads\/2026\/01\/tente-camping-amis-coulvee-chemille-cea-osez-mauges-\u00a9F-24x15.jpg 24w, https:\/\/www.camping-coulvee-chemille.com\/wp-content\/uploads\/2026\/01\/tente-camping-amis-coulvee-chemille-cea-osez-mauges-\u00a9F-36x23.jpg 36w, https:\/\/www.camping-coulvee-chemille.com\/wp-content\/uploads\/2026\/01\/tente-camping-amis-coulvee-chemille-cea-osez-mauges-\u00a9F-48x31.jpg 48w, https:\/\/www.camping-coulvee-chemille.com\/wp-content\/uploads\/2026\/01\/tente-camping-amis-coulvee-chemille-cea-osez-mauges-\u00a9F-200x129.jpg 200w, https:\/\/www.camping-coulvee-chemille.com\/wp-content\/uploads\/2026\/01\/tente-camping-amis-coulvee-chemille-cea-osez-mauges-\u00a9F-300x193.jpg 300w, https:\/\/www.camping-coulvee-chemille.com\/wp-content\/uploads\/2026\/01\/tente-camping-amis-coulvee-chemille-cea-osez-mauges-\u00a9F-400x257.jpg 400w, https:\/\/www.camping-coulvee-chemille.com\/wp-content\/uploads\/2026\/01\/tente-camping-amis-coulvee-chemille-cea-osez-mauges-\u00a9F-460x295.jpg 460w, https:\/\/www.camping-coulvee-chemille.com\/wp-content\/uploads\/2026\/01\/tente-camping-amis-coulvee-chemille-cea-osez-mauges-\u00a9F-600x386.jpg 600w, https:\/\/www.camping-coulvee-chemille.com\/wp-content\/uploads\/2026\/01\/tente-camping-amis-coulvee-chemille-cea-osez-mauges-\u00a9F.jpg 700w\" data-sizes=\"auto\" \/><\/div><\/div><\/div><div class=\"swiper-slide\"><div class=\"fusion-carousel-item-wrapper\"><div class=\"fusion-image-wrapper hover-type-none\"><img decoding=\"async\" width=\"700\" height=\"467\" src=\"https:\/\/www.camping-coulvee-chemille.com\/wp-content\/uploads\/2026\/01\/\u00a9D.jpg\" class=\"attachment-full size-full lazyload\" alt=\"Deux enfants courent sur la plage du camping de coulv\u00e9e | Camping baignade\" srcset=\"data:image\/svg+xml,%3Csvg%20xmlns%3D%27http%3A%2F%2Fwww.w3.org%2F2000%2Fsvg%27%20width%3D%27700%27%20height%3D%27467%27%20viewBox%3D%270%200%20700%20467%27%3E%3Crect%20width%3D%27700%27%20height%3D%27467%27%20fill-opacity%3D%220%22%2F%3E%3C%2Fsvg%3E\" data-orig-src=\"https:\/\/www.camping-coulvee-chemille.com\/wp-content\/uploads\/2026\/01\/\u00a9D.jpg\" data-srcset=\"https:\/\/www.camping-coulvee-chemille.com\/wp-content\/uploads\/2026\/01\/\u00a9D-24x16.jpg 24w, https:\/\/www.camping-coulvee-chemille.com\/wp-content\/uploads\/2026\/01\/\u00a9D-36x24.jpg 36w, https:\/\/www.camping-coulvee-chemille.com\/wp-content\/uploads\/2026\/01\/\u00a9D-48x32.jpg 48w, https:\/\/www.camping-coulvee-chemille.com\/wp-content\/uploads\/2026\/01\/\u00a9D-200x133.jpg 200w, https:\/\/www.camping-coulvee-chemille.com\/wp-content\/uploads\/2026\/01\/\u00a9D-300x200.jpg 300w, https:\/\/www.camping-coulvee-chemille.com\/wp-content\/uploads\/2026\/01\/\u00a9D-400x267.jpg 400w, https:\/\/www.camping-coulvee-chemille.com\/wp-content\/uploads\/2026\/01\/\u00a9D-600x400.jpg 600w, https:\/\/www.camping-coulvee-chemille.com\/wp-content\/uploads\/2026\/01\/\u00a9D.jpg 700w\" data-sizes=\"auto\" \/><\/div><\/div><\/div><div class=\"swiper-slide\"><div class=\"fusion-carousel-item-wrapper\"><div class=\"fusion-image-wrapper hover-type-none\"><img decoding=\"async\" width=\"700\" height=\"467\" src=\"https:\/\/www.camping-coulvee-chemille.com\/wp-content\/uploads\/2026\/01\/CA363F1.jpg\" class=\"attachment-full size-full lazyload\" alt=\"Une famille joue au molkie devant une tente lodge au camping de coulv\u00e9e dans le Maine-et-Loire\" srcset=\"data:image\/svg+xml,%3Csvg%20xmlns%3D%27http%3A%2F%2Fwww.w3.org%2F2000%2Fsvg%27%20width%3D%27700%27%20height%3D%27467%27%20viewBox%3D%270%200%20700%20467%27%3E%3Crect%20width%3D%27700%27%20height%3D%27467%27%20fill-opacity%3D%220%22%2F%3E%3C%2Fsvg%3E\" data-orig-src=\"https:\/\/www.camping-coulvee-chemille.com\/wp-content\/uploads\/2026\/01\/CA363F1.jpg\" data-srcset=\"https:\/\/www.camping-coulvee-chemille.com\/wp-content\/uploads\/2026\/01\/CA363F1-24x16.jpg 24w, https:\/\/www.camping-coulvee-chemille.com\/wp-content\/uploads\/2026\/01\/CA363F1-36x24.jpg 36w, https:\/\/www.camping-coulvee-chemille.com\/wp-content\/uploads\/2026\/01\/CA363F1-48x32.jpg 48w, https:\/\/www.camping-coulvee-chemille.com\/wp-content\/uploads\/2026\/01\/CA363F1-200x133.jpg 200w, https:\/\/www.camping-coulvee-chemille.com\/wp-content\/uploads\/2026\/01\/CA363F1-300x200.jpg 300w, https:\/\/www.camping-coulvee-chemille.com\/wp-content\/uploads\/2026\/01\/CA363F1-400x267.jpg 400w, https:\/\/www.camping-coulvee-chemille.com\/wp-content\/uploads\/2026\/01\/CA363F1-600x400.jpg 600w, https:\/\/www.camping-coulvee-chemille.com\/wp-content\/uploads\/2026\/01\/CA363F1.jpg 700w\" data-sizes=\"auto\" \/><\/div><\/div><\/div><div class=\"swiper-slide\"><div class=\"fusion-carousel-item-wrapper\"><div class=\"fusion-image-wrapper hover-type-none\"><img decoding=\"async\" width=\"700\" height=\"467\" src=\"https:\/\/www.camping-coulvee-chemille.com\/wp-content\/uploads\/2026\/01\/CAFBE31.jpg\" class=\"attachment-full size-full lazyload\" alt=\"Des personnes sont sur un pedalo sur l&#039;\u00e9tang de Coulv\u00e9e dans le Maine-et-Loire.\" srcset=\"data:image\/svg+xml,%3Csvg%20xmlns%3D%27http%3A%2F%2Fwww.w3.org%2F2000%2Fsvg%27%20width%3D%27700%27%20height%3D%27467%27%20viewBox%3D%270%200%20700%20467%27%3E%3Crect%20width%3D%27700%27%20height%3D%27467%27%20fill-opacity%3D%220%22%2F%3E%3C%2Fsvg%3E\" data-orig-src=\"https:\/\/www.camping-coulvee-chemille.com\/wp-content\/uploads\/2026\/01\/CAFBE31.jpg\" data-srcset=\"https:\/\/www.camping-coulvee-chemille.com\/wp-content\/uploads\/2026\/01\/CAFBE31-24x16.jpg 24w, https:\/\/www.camping-coulvee-chemille.com\/wp-content\/uploads\/2026\/01\/CAFBE31-36x24.jpg 36w, https:\/\/www.camping-coulvee-chemille.com\/wp-content\/uploads\/2026\/01\/CAFBE31-48x32.jpg 48w, https:\/\/www.camping-coulvee-chemille.com\/wp-content\/uploads\/2026\/01\/CAFBE31-200x133.jpg 200w, https:\/\/www.camping-coulvee-chemille.com\/wp-content\/uploads\/2026\/01\/CAFBE31-300x200.jpg 300w, https:\/\/www.camping-coulvee-chemille.com\/wp-content\/uploads\/2026\/01\/CAFBE31-400x267.jpg 400w, https:\/\/www.camping-coulvee-chemille.com\/wp-content\/uploads\/2026\/01\/CAFBE31-600x400.jpg 600w, https:\/\/www.camping-coulvee-chemille.com\/wp-content\/uploads\/2026\/01\/CAFBE31.jpg 700w\" data-sizes=\"auto\" \/><\/div><\/div><\/div><\/div><div class=\"awb-swiper-button awb-swiper-button-prev\"><i class=\"awb-icon-angle-left\" aria-hidden=\"true\"><\/i><\/div><div class=\"awb-swiper-button awb-swiper-button-next\"><i class=\"awb-icon-angle-right\" aria-hidden=\"true\"><\/i><\/div><\/div><\/div><\/div><\/div><\/div><\/div>\n","protected":false},"excerpt":{"rendered":"","protected":false},"author":10,"featured_media":0,"parent":0,"menu_order":0,"comment_status":"closed","ping_status":"closed","template":"","meta":{"footnotes":""},"class_list":["post-21759","page","type-page","status-publish","hentry"],"yoast_head":"<!-- This site is optimized with the Yoast SEO plugin v27.4 - https:\/\/yoast.com\/product\/yoast-seo-wordpress\/ -->\n<title>Le Camping - Camping de Coulv\u00e9e<\/title>\n<meta name=\"description\" content=\"Le Camping de Coulv\u00e9e vous accueille dans un cadre naturel et calme, id\u00e9al pour des vacances en famille, d\u00e9tente, nature et convivialit\u00e9.\" \/>\n<meta name=\"robots\" content=\"index, follow, max-snippet:-1, max-image-preview:large, max-video-preview:-1\" \/>\n<link rel=\"canonical\" href=\"https:\/\/www.camping-coulvee-chemille.com\/en\/the-campsite\/\" \/>\n<meta property=\"og:locale\" content=\"en_US\" \/>\n<meta property=\"og:type\" content=\"article\" \/>\n<meta property=\"og:title\" content=\"Le Camping - Camping de Coulv\u00e9e\" \/>\n<meta property=\"og:description\" content=\"Le Camping de Coulv\u00e9e vous accueille dans un cadre naturel et calme, id\u00e9al pour des vacances en famille, d\u00e9tente, nature et convivialit\u00e9.\" \/>\n<meta property=\"og:url\" content=\"https:\/\/www.camping-coulvee-chemille.com\/en\/the-campsite\/\" \/>\n<meta property=\"og:site_name\" content=\"Camping Coulv\u00e9e\" \/>\n<meta property=\"article:modified_time\" content=\"2026-03-05T13:50:31+00:00\" \/>\n<meta name=\"twitter:card\" content=\"summary_large_image\" \/>\n<meta name=\"twitter:label1\" content=\"Est. reading time\" \/>\n\t<meta name=\"twitter:data1\" content=\"2 minutes\" \/>\n<script type=\"application\/ld+json\" class=\"yoast-schema-graph\">{\"@context\":\"https:\\\/\\\/schema.org\",\"@graph\":[{\"@type\":\"WebPage\",\"@id\":\"https:\\\/\\\/www.camping-coulvee-chemille.com\\\/en\\\/the-campsite\\\/\",\"url\":\"https:\\\/\\\/www.camping-coulvee-chemille.com\\\/en\\\/the-campsite\\\/\",\"name\":\"Le Camping - Camping de Coulv\u00e9e\",\"isPartOf\":{\"@id\":\"https:\\\/\\\/www.camping-coulvee-chemille.com\\\/#website\"},\"datePublished\":\"2026-03-05T13:22:52+00:00\",\"dateModified\":\"2026-03-05T13:50:31+00:00\",\"description\":\"Le Camping de Coulv\u00e9e vous accueille dans un cadre naturel et calme, id\u00e9al pour des vacances en famille, d\u00e9tente, nature et convivialit\u00e9.\",\"breadcrumb\":{\"@id\":\"https:\\\/\\\/www.camping-coulvee-chemille.com\\\/en\\\/the-campsite\\\/#breadcrumb\"},\"inLanguage\":\"en-US\",\"potentialAction\":[{\"@type\":\"ReadAction\",\"target\":[\"https:\\\/\\\/www.camping-coulvee-chemille.com\\\/en\\\/the-campsite\\\/\"]}]},{\"@type\":\"BreadcrumbList\",\"@id\":\"https:\\\/\\\/www.camping-coulvee-chemille.com\\\/en\\\/the-campsite\\\/#breadcrumb\",\"itemListElement\":[{\"@type\":\"ListItem\",\"position\":1,\"name\":\"Accueil\",\"item\":\"https:\\\/\\\/www.camping-coulvee-chemille.com\\\/en\\\/\"},{\"@type\":\"ListItem\",\"position\":2,\"name\":\"The Campsite\"}]},{\"@type\":\"WebSite\",\"@id\":\"https:\\\/\\\/www.camping-coulvee-chemille.com\\\/#website\",\"url\":\"https:\\\/\\\/www.camping-coulvee-chemille.com\\\/\",\"name\":\"Camping Coulv\u00e9e\",\"description\":\"Un camping entre calme, nature et proximit\u00e9 du Puy du Fou\",\"potentialAction\":[{\"@type\":\"SearchAction\",\"target\":{\"@type\":\"EntryPoint\",\"urlTemplate\":\"https:\\\/\\\/www.camping-coulvee-chemille.com\\\/?s={search_term_string}\"},\"query-input\":{\"@type\":\"PropertyValueSpecification\",\"valueRequired\":true,\"valueName\":\"search_term_string\"}}],\"inLanguage\":\"en-US\"}]}<\/script>\n<!-- \/ Yoast SEO plugin. -->","yoast_head_json":{"title":"Le Camping - Camping de Coulv\u00e9e","description":"Le Camping de Coulv\u00e9e vous accueille dans un cadre naturel et calme, id\u00e9al pour des vacances en famille, d\u00e9tente, nature et convivialit\u00e9.","robots":{"index":"index","follow":"follow","max-snippet":"max-snippet:-1","max-image-preview":"max-image-preview:large","max-video-preview":"max-video-preview:-1"},"canonical":"https:\/\/www.camping-coulvee-chemille.com\/en\/the-campsite\/","og_locale":"en_US","og_type":"article","og_title":"Le Camping - Camping de Coulv\u00e9e","og_description":"Le Camping de Coulv\u00e9e vous accueille dans un cadre naturel et calme, id\u00e9al pour des vacances en famille, d\u00e9tente, nature et convivialit\u00e9.","og_url":"https:\/\/www.camping-coulvee-chemille.com\/en\/the-campsite\/","og_site_name":"Camping Coulv\u00e9e","article_modified_time":"2026-03-05T13:50:31+00:00","twitter_card":"summary_large_image","twitter_misc":{"Est. reading time":"2 minutes"},"schema":{"@context":"https:\/\/schema.org","@graph":[{"@type":"WebPage","@id":"https:\/\/www.camping-coulvee-chemille.com\/en\/the-campsite\/","url":"https:\/\/www.camping-coulvee-chemille.com\/en\/the-campsite\/","name":"Le Camping - Camping de Coulv\u00e9e","isPartOf":{"@id":"https:\/\/www.camping-coulvee-chemille.com\/#website"},"datePublished":"2026-03-05T13:22:52+00:00","dateModified":"2026-03-05T13:50:31+00:00","description":"Le Camping de Coulv\u00e9e vous accueille dans un cadre naturel et calme, id\u00e9al pour des vacances en famille, d\u00e9tente, nature et convivialit\u00e9.","breadcrumb":{"@id":"https:\/\/www.camping-coulvee-chemille.com\/en\/the-campsite\/#breadcrumb"},"inLanguage":"en-US","potentialAction":[{"@type":"ReadAction","target":["https:\/\/www.camping-coulvee-chemille.com\/en\/the-campsite\/"]}]},{"@type":"BreadcrumbList","@id":"https:\/\/www.camping-coulvee-chemille.com\/en\/the-campsite\/#breadcrumb","itemListElement":[{"@type":"ListItem","position":1,"name":"Accueil","item":"https:\/\/www.camping-coulvee-chemille.com\/en\/"},{"@type":"ListItem","position":2,"name":"The Campsite"}]},{"@type":"WebSite","@id":"https:\/\/www.camping-coulvee-chemille.com\/#website","url":"https:\/\/www.camping-coulvee-chemille.com\/","name":"Camping Coulv\u00e9e","description":"Un camping entre calme, nature et proximit\u00e9 du Puy du Fou","potentialAction":[{"@type":"SearchAction","target":{"@type":"EntryPoint","urlTemplate":"https:\/\/www.camping-coulvee-chemille.com\/?s={search_term_string}"},"query-input":{"@type":"PropertyValueSpecification","valueRequired":true,"valueName":"search_term_string"}}],"inLanguage":"en-US"}]}},"_links":{"self":[{"href":"https:\/\/www.camping-coulvee-chemille.com\/en\/wp-json\/wp\/v2\/pages\/21759","targetHints":{"allow":["GET"]}}],"collection":[{"href":"https:\/\/www.camping-coulvee-chemille.com\/en\/wp-json\/wp\/v2\/pages"}],"about":[{"href":"https:\/\/www.camping-coulvee-chemille.com\/en\/wp-json\/wp\/v2\/types\/page"}],"author":[{"embeddable":true,"href":"https:\/\/www.camping-coulvee-chemille.com\/en\/wp-json\/wp\/v2\/users\/10"}],"replies":[{"embeddable":true,"href":"https:\/\/www.camping-coulvee-chemille.com\/en\/wp-json\/wp\/v2\/comments?post=21759"}],"version-history":[{"count":2,"href":"https:\/\/www.camping-coulvee-chemille.com\/en\/wp-json\/wp\/v2\/pages\/21759\/revisions"}],"predecessor-version":[{"id":21762,"href":"https:\/\/www.camping-coulvee-chemille.com\/en\/wp-json\/wp\/v2\/pages\/21759\/revisions\/21762"}],"wp:attachment":[{"href":"https:\/\/www.camping-coulvee-chemille.com\/en\/wp-json\/wp\/v2\/media?parent=21759"}],"curies":[{"name":"wp","href":"https:\/\/api.w.org\/{rel}","templated":true}]}}