{"id":21797,"date":"2026-03-06T15:50:51","date_gmt":"2026-03-06T14:50:51","guid":{"rendered":"https:\/\/www.camping-coulvee-chemille.com\/?page_id=21797"},"modified":"2026-03-06T16:03:49","modified_gmt":"2026-03-06T15:03:49","slug":"activites-sur-place-2","status":"publish","type":"page","link":"https:\/\/www.camping-coulvee-chemille.com\/en\/activites-sur-place-2\/","title":{"rendered":"On-Site Activities"},"content":{"rendered":"<p><div class=\"fusion-fullwidth fullwidth-box fusion-builder-row-1 fusion-flex-container has-pattern-background has-mask-background nonhundred-percent-fullwidth non-hundred-percent-height-scrolling\" style=\"--awb-border-radius-top-left:0px;--awb-border-radius-top-right:0px;--awb-border-radius-bottom-right:0px;--awb-border-radius-bottom-left:0px;--awb-flex-wrap:wrap;\" ><div class=\"fusion-builder-row fusion-row fusion-flex-align-items-flex-start fusion-flex-content-wrap\" style=\"max-width:1216.8px;margin-left: calc(-4% \/ 2 );margin-right: calc(-4% \/ 2 );\"><div class=\"fusion-layout-column fusion_builder_column fusion-builder-column-0 fusion_builder_column_1_1 1_1 fusion-flex-column\" style=\"--awb-bg-size:cover;--awb-width-large:100%;--awb-margin-top-large:15px;--awb-spacing-right-large:1.92%;--awb-margin-bottom-large:15px;--awb-spacing-left-large:1.92%;--awb-width-medium:100%;--awb-order-medium:0;--awb-spacing-right-medium:1.92%;--awb-spacing-left-medium:1.92%;--awb-width-small:100%;--awb-order-small:0;--awb-spacing-right-small:1.92%;--awb-spacing-left-small:1.92%;\"><div class=\"fusion-column-wrapper fusion-column-has-shadow fusion-flex-justify-content-flex-start fusion-content-layout-column\"><div class=\"fusion-text fusion-text-1\"><h2><b><span style=\"color: #000000;\">SWIMMING AND ACTIVITIES AT THE LEISURE PARK<\/span><\/b><\/h2>\n<\/div><\/div><\/div><\/div><\/div><div class=\"fusion-fullwidth fullwidth-box fusion-builder-row-2 fusion-flex-container has-pattern-background has-mask-background nonhundred-percent-fullwidth non-hundred-percent-height-scrolling\" style=\"--awb-border-radius-top-left:0px;--awb-border-radius-top-right:0px;--awb-border-radius-bottom-right:0px;--awb-border-radius-bottom-left:0px;--awb-flex-wrap:wrap;\" ><div class=\"fusion-builder-row fusion-row fusion-flex-align-items-flex-start fusion-flex-content-wrap\" style=\"max-width:1216.8px;margin-left: calc(-4% \/ 2 );margin-right: calc(-4% \/ 2 );\"><div class=\"fusion-layout-column fusion_builder_column fusion-builder-column-1 fusion_builder_column_1_1 1_1 fusion-flex-column\" style=\"--awb-bg-size:cover;--awb-width-large:100%;--awb-margin-top-large:15px;--awb-spacing-right-large:1.92%;--awb-margin-bottom-large:15px;--awb-spacing-left-large:1.92%;--awb-width-medium:100%;--awb-order-medium:0;--awb-spacing-right-medium:1.92%;--awb-spacing-left-medium:1.92%;--awb-width-small:100%;--awb-order-small:0;--awb-spacing-right-small:1.92%;--awb-spacing-left-small:1.92%;\"><div class=\"fusion-column-wrapper fusion-column-has-shadow fusion-flex-justify-content-flex-start fusion-content-layout-column\"><div class=\"fusion-text fusion-text-2\"><p data-start=\"0\" data-end=\"300\">The campsite leisure area features a <strong data-start=\"37\" data-end=\"66\">supervised swimming beach<\/strong> monitored by a qualified instructor (July and August), as well as a <strong data-start=\"135\" data-end=\"169\">spacious and secure playground<\/strong> for children under 6. An <strong data-start=\"195\" data-end=\"219\">inflatable structure<\/strong>, a <strong data-start=\"223\" data-end=\"245\">table tennis table<\/strong>, and a <strong data-start=\"253\" data-end=\"271\">petanque court<\/strong> are also freely available.<\/p>\n<p data-start=\"302\" data-end=\"707\">The lake is also perfect for those who enjoy <strong data-start=\"347\" data-end=\"384\">stand-up paddleboarding or rowing<\/strong>, with equipment available to rent at the campsite reception. During the high season, <strong data-start=\"470\" data-end=\"536\">organized activities led by a certified activity leader (BAFA)<\/strong> are offered in the morning and afternoon for children aged 6 and up and teenagers: <strong data-start=\"620\" data-end=\"694\">treasure hunts, unusual sports activities, nature-themed entertainment<\/strong>, and more.<\/p>\n<p data-start=\"709\" data-end=\"818\" data-is-last-node=\"\" data-is-only-node=\"\">A <strong data-start=\"711\" data-end=\"727\">boules court<\/strong> is also available, allowing guests to enjoy a game of p\u00e9tanque with family or friends.<\/p>\n<\/div><\/div><\/div><\/div><\/div><div class=\"fusion-fullwidth fullwidth-box fusion-builder-row-3 fusion-flex-container has-pattern-background has-mask-background nonhundred-percent-fullwidth non-hundred-percent-height-scrolling\" style=\"--awb-border-radius-top-left:0px;--awb-border-radius-top-right:0px;--awb-border-radius-bottom-right:0px;--awb-border-radius-bottom-left:0px;--awb-flex-wrap:wrap;\" ><div class=\"fusion-builder-row fusion-row fusion-flex-align-items-flex-start fusion-flex-content-wrap\" style=\"max-width:1216.8px;margin-left: calc(-4% \/ 2 );margin-right: calc(-4% \/ 2 );\"><div class=\"fusion-layout-column fusion_builder_column fusion-builder-column-2 fusion_builder_column_1_1 1_1 fusion-flex-column\" style=\"--awb-bg-size:cover;--awb-width-large:100%;--awb-margin-top-large:15px;--awb-spacing-right-large:1.92%;--awb-margin-bottom-large:15px;--awb-spacing-left-large:1.92%;--awb-width-medium:100%;--awb-order-medium:0;--awb-spacing-right-medium:1.92%;--awb-spacing-left-medium:1.92%;--awb-width-small:100%;--awb-order-small:0;--awb-spacing-right-small:1.92%;--awb-spacing-left-small:1.92%;\"><div class=\"fusion-column-wrapper fusion-column-has-shadow fusion-flex-justify-content-flex-start fusion-content-layout-column\"><div class=\"fusion-image-carousel fusion-image-carousel-auto fusion-image-carousel-1\"><div class=\"awb-carousel awb-swiper awb-swiper-carousel awb-swiper-dots-position-bottom awb-carousel--carousel\" data-layout=\"carousel\" data-autoplay=\"no\" data-autoplayspeed=\"2500\" data-autoplaypause=\"no\" data-columns=\"5\" data-itemmargin=\"13\" data-itemwidth=\"180\" data-touchscroll=\"no\" data-freemode=\"no\" data-imagesize=\"auto\" data-scrollitems=\"0\" data-centeredslides=\"no\" data-rotationangle=\"50\" data-depth=\"100\" data-speed=\"500\" data-shadow=\"no\" style=\"--awb-dots-align:center;\"><div class=\"swiper-wrapper awb-image-carousel-wrapper fusion-flex-align-items-center\"><div class=\"swiper-slide\"><div class=\"fusion-carousel-item-wrapper\"><div class=\"fusion-image-wrapper hover-type-none\"><img decoding=\"async\" width=\"700\" height=\"467\" src=\"https:\/\/www.camping-coulvee-chemille.com\/wp-content\/uploads\/2026\/01\/CA49781.png\" class=\"attachment-full size-full lazyload\" alt=\"Des enfants sur un p\u00e9dalo sur l&#039;\u00e9tang de Coulv\u00e9e.\" srcset=\"data:image\/svg+xml,%3Csvg%20xmlns%3D%27http%3A%2F%2Fwww.w3.org%2F2000%2Fsvg%27%20width%3D%27700%27%20height%3D%27467%27%20viewBox%3D%270%200%20700%20467%27%3E%3Crect%20width%3D%27700%27%20height%3D%27467%27%20fill-opacity%3D%220%22%2F%3E%3C%2Fsvg%3E\" data-orig-src=\"https:\/\/www.camping-coulvee-chemille.com\/wp-content\/uploads\/2026\/01\/CA49781.png\" data-srcset=\"https:\/\/www.camping-coulvee-chemille.com\/wp-content\/uploads\/2026\/01\/CA49781-200x133.png 200w, https:\/\/www.camping-coulvee-chemille.com\/wp-content\/uploads\/2026\/01\/CA49781-400x267.png 400w, https:\/\/www.camping-coulvee-chemille.com\/wp-content\/uploads\/2026\/01\/CA49781-600x400.png 600w, https:\/\/www.camping-coulvee-chemille.com\/wp-content\/uploads\/2026\/01\/CA49781.png 700w\" data-sizes=\"auto\" \/><\/div><\/div><\/div><div class=\"swiper-slide\"><div class=\"fusion-carousel-item-wrapper\"><div class=\"fusion-image-wrapper hover-type-none\"><img decoding=\"async\" width=\"2560\" height=\"1707\" src=\"https:\/\/www.camping-coulvee-chemille.com\/wp-content\/uploads\/2026\/01\/\u00a9D.Drouet-6416-scaled.jpg\" class=\"attachment-full size-full lazyload\" alt=\"\" srcset=\"data:image\/svg+xml,%3Csvg%20xmlns%3D%27http%3A%2F%2Fwww.w3.org%2F2000%2Fsvg%27%20width%3D%272560%27%20height%3D%271707%27%20viewBox%3D%270%200%202560%201707%27%3E%3Crect%20width%3D%272560%27%20height%3D%271707%27%20fill-opacity%3D%220%22%2F%3E%3C%2Fsvg%3E\" data-orig-src=\"https:\/\/www.camping-coulvee-chemille.com\/wp-content\/uploads\/2026\/01\/\u00a9D.Drouet-6416-scaled.jpg\" data-srcset=\"https:\/\/www.camping-coulvee-chemille.com\/wp-content\/uploads\/2026\/01\/\u00a9D.Drouet-6416-200x133.jpg 200w, https:\/\/www.camping-coulvee-chemille.com\/wp-content\/uploads\/2026\/01\/\u00a9D.Drouet-6416-400x267.jpg 400w, https:\/\/www.camping-coulvee-chemille.com\/wp-content\/uploads\/2026\/01\/\u00a9D.Drouet-6416-600x400.jpg 600w, https:\/\/www.camping-coulvee-chemille.com\/wp-content\/uploads\/2026\/01\/\u00a9D.Drouet-6416-800x533.jpg 800w, https:\/\/www.camping-coulvee-chemille.com\/wp-content\/uploads\/2026\/01\/\u00a9D.Drouet-6416-1200x800.jpg 1200w, https:\/\/www.camping-coulvee-chemille.com\/wp-content\/uploads\/2026\/01\/\u00a9D.Drouet-6416-scaled.jpg 2560w\" data-sizes=\"auto\" \/><\/div><\/div><\/div><div class=\"swiper-slide\"><div class=\"fusion-carousel-item-wrapper\"><div class=\"fusion-image-wrapper hover-type-none\"><img decoding=\"async\" width=\"2560\" height=\"1707\" src=\"https:\/\/www.camping-coulvee-chemille.com\/wp-content\/uploads\/2026\/01\/CA09A81-scaled.jpg\" class=\"attachment-full size-full lazyload\" alt=\"Des enfants devant un tableau noir au camping de Coulv\u00e9e.\" srcset=\"data:image\/svg+xml,%3Csvg%20xmlns%3D%27http%3A%2F%2Fwww.w3.org%2F2000%2Fsvg%27%20width%3D%272560%27%20height%3D%271707%27%20viewBox%3D%270%200%202560%201707%27%3E%3Crect%20width%3D%272560%27%20height%3D%271707%27%20fill-opacity%3D%220%22%2F%3E%3C%2Fsvg%3E\" data-orig-src=\"https:\/\/www.camping-coulvee-chemille.com\/wp-content\/uploads\/2026\/01\/CA09A81-scaled.jpg\" data-srcset=\"https:\/\/www.camping-coulvee-chemille.com\/wp-content\/uploads\/2026\/01\/CA09A81-200x133.jpg 200w, https:\/\/www.camping-coulvee-chemille.com\/wp-content\/uploads\/2026\/01\/CA09A81-400x267.jpg 400w, https:\/\/www.camping-coulvee-chemille.com\/wp-content\/uploads\/2026\/01\/CA09A81-600x400.jpg 600w, https:\/\/www.camping-coulvee-chemille.com\/wp-content\/uploads\/2026\/01\/CA09A81-800x533.jpg 800w, https:\/\/www.camping-coulvee-chemille.com\/wp-content\/uploads\/2026\/01\/CA09A81-1200x800.jpg 1200w, https:\/\/www.camping-coulvee-chemille.com\/wp-content\/uploads\/2026\/01\/CA09A81-scaled.jpg 2560w\" data-sizes=\"auto\" \/><\/div><\/div><\/div><div class=\"swiper-slide\"><div class=\"fusion-carousel-item-wrapper\"><div class=\"fusion-image-wrapper hover-type-none\"><img class=\"lazyload\" decoding=\"async\" src=\"data:image\/gif;base64,R0lGODlhAQABAAAAACH5BAEKAAEALAAAAAABAAEAAAICTAEAOw==\" data-orig-src=\"\" alt=\"\"\/><\/div><\/div><\/div><\/div><div class=\"awb-swiper-button awb-swiper-button-prev\"><i class=\"awb-icon-angle-left\" aria-hidden=\"true\"><\/i><\/div><div class=\"awb-swiper-button awb-swiper-button-next\"><i class=\"awb-icon-angle-right\" aria-hidden=\"true\"><\/i><\/div><\/div><\/div><\/div><\/div><\/div><\/div><div class=\"fusion-fullwidth fullwidth-box fusion-builder-row-4 fusion-flex-container has-pattern-background has-mask-background nonhundred-percent-fullwidth non-hundred-percent-height-scrolling\" style=\"--awb-border-radius-top-left:0px;--awb-border-radius-top-right:0px;--awb-border-radius-bottom-right:0px;--awb-border-radius-bottom-left:0px;--awb-flex-wrap:wrap;\" ><div class=\"fusion-builder-row fusion-row fusion-flex-align-items-flex-start fusion-flex-content-wrap\" style=\"max-width:1216.8px;margin-left: calc(-4% \/ 2 );margin-right: calc(-4% \/ 2 );\"><div class=\"fusion-layout-column fusion_builder_column fusion-builder-column-3 fusion_builder_column_1_1 1_1 fusion-flex-column\" style=\"--awb-bg-size:cover;--awb-width-large:100%;--awb-margin-top-large:15px;--awb-spacing-right-large:1.92%;--awb-margin-bottom-large:15px;--awb-spacing-left-large:1.92%;--awb-width-medium:100%;--awb-order-medium:0;--awb-spacing-right-medium:1.92%;--awb-spacing-left-medium:1.92%;--awb-width-small:100%;--awb-order-small:0;--awb-spacing-right-small:1.92%;--awb-spacing-left-small:1.92%;\"><div class=\"fusion-column-wrapper fusion-column-has-shadow fusion-flex-justify-content-flex-start fusion-content-layout-column\"><div class=\"fusion-text fusion-text-3\"><h2 class=\"fusion-responsive-typography-calculated\" style=\"font-size: 36px; color: #000000; --fontsize: 36; line-height: 1.26;\" data-fontsize=\"36\" data-lineheight=\"45.36px\">INDOOR ACTIVITIES AND SNACK BAR<\/h2>\n<\/div><\/div><\/div><div class=\"fusion-layout-column fusion_builder_column fusion-builder-column-4 fusion_builder_column_1_1 1_1 fusion-flex-column\" style=\"--awb-bg-size:cover;--awb-width-large:100%;--awb-margin-top-large:15px;--awb-spacing-right-large:1.92%;--awb-margin-bottom-large:15px;--awb-spacing-left-large:1.92%;--awb-width-medium:100%;--awb-order-medium:0;--awb-spacing-right-medium:1.92%;--awb-spacing-left-medium:1.92%;--awb-width-small:100%;--awb-order-small:0;--awb-spacing-right-small:1.92%;--awb-spacing-left-small:1.92%;\"><div class=\"fusion-column-wrapper fusion-column-has-shadow fusion-flex-justify-content-flex-start fusion-content-layout-column\"><div class=\"fusion-text fusion-text-4\"><p data-start=\"0\" data-end=\"134\">A <strong data-start=\"2\" data-end=\"24\">common lounge area<\/strong> is available for indoor activities: <strong data-start=\"61\" data-end=\"121\">large wooden games, board games, table football, TV room<\/strong>, and more.<\/p>\n<p data-start=\"136\" data-end=\"255\" data-is-last-node=\"\" data-is-only-node=\"\">A <strong data-start=\"138\" data-end=\"197\">snack bar with a beautiful terrace overlooking the lake<\/strong> offers <strong data-start=\"205\" data-end=\"240\">cold and hot drinks, ice creams<\/strong>, and more.<\/p>\n<\/div><\/div><\/div><\/div><\/div><div class=\"fusion-fullwidth fullwidth-box fusion-builder-row-5 fusion-flex-container has-pattern-background has-mask-background nonhundred-percent-fullwidth non-hundred-percent-height-scrolling\" style=\"--awb-border-radius-top-left:0px;--awb-border-radius-top-right:0px;--awb-border-radius-bottom-right:0px;--awb-border-radius-bottom-left:0px;--awb-flex-wrap:wrap;\" ><div class=\"fusion-builder-row fusion-row fusion-flex-align-items-flex-start fusion-flex-content-wrap\" style=\"max-width:1216.8px;margin-left: calc(-4% \/ 2 );margin-right: calc(-4% \/ 2 );\"><div class=\"fusion-layout-column fusion_builder_column fusion-builder-column-5 fusion_builder_column_1_1 1_1 fusion-flex-column\" style=\"--awb-bg-size:cover;--awb-width-large:100%;--awb-margin-top-large:15px;--awb-spacing-right-large:1.92%;--awb-margin-bottom-large:15px;--awb-spacing-left-large:1.92%;--awb-width-medium:100%;--awb-order-medium:0;--awb-spacing-right-medium:1.92%;--awb-spacing-left-medium:1.92%;--awb-width-small:100%;--awb-order-small:0;--awb-spacing-right-small:1.92%;--awb-spacing-left-small:1.92%;\"><div class=\"fusion-column-wrapper fusion-column-has-shadow fusion-flex-justify-content-flex-start fusion-content-layout-column\"><div class=\"fusion-text fusion-text-5\"><h1><strong style=\"font-size: 32px;\" data-fusion-font=\"true\">FISHING AT THE CAMPSITE<\/strong><\/h1>\n<\/div><div class=\"fusion-text fusion-text-6\"><p data-start=\"0\" data-end=\"206\">The campsite has a <strong data-start=\"19\" data-end=\"42\">public fishing pond<\/strong> located close to the accommodations. In a peaceful natural setting, try your luck catching <strong data-start=\"134\" data-end=\"143\">roach<\/strong> and enjoy a relaxing fishing session with family or friends.<\/p>\n<p data-start=\"208\" data-end=\"286\" data-is-last-node=\"\" data-is-only-node=\"\">To learn more about the fishing pond and its regulations, <a href=\"https:\/\/www.camping-coulvee-chemille.com\/en\/camping-avec-etang-de-peche-2\"><strong data-start=\"266\" data-end=\"280\">click here<\/strong><\/a>.<\/p>\n<\/div><div class=\"fusion-image-element \" style=\"--awb-caption-title-font-family:var(--h2_typography-font-family);--awb-caption-title-font-weight:var(--h2_typography-font-weight);--awb-caption-title-font-style:var(--h2_typography-font-style);--awb-caption-title-size:var(--h2_typography-font-size);--awb-caption-title-transform:var(--h2_typography-text-transform);--awb-caption-title-line-height:var(--h2_typography-line-height);--awb-caption-title-letter-spacing:var(--h2_typography-letter-spacing);\"><span class=\" fusion-imageframe imageframe-none imageframe-1 hover-type-none\" style=\"border:47px solid rgba(246,246,246,0);\"><img decoding=\"async\" width=\"1200\" height=\"800\" alt=\"\u00c9tang de p\u00eache de Coulv\u00e9e | Camping de p\u00eache\" title=\"\u00a9D.Drouet-6362\" src=\"https:\/\/www.camping-coulvee-chemille.com\/wp-content\/uploads\/2026\/01\/\u00a9D.Drouet-6362-scaled.jpg\" data-orig-src=\"https:\/\/www.camping-coulvee-chemille.com\/wp-content\/uploads\/2026\/01\/\u00a9D.Drouet-6362-1200x800.jpg\" class=\"lazyload img-responsive wp-image-21544\" srcset=\"data:image\/svg+xml,%3Csvg%20xmlns%3D%27http%3A%2F%2Fwww.w3.org%2F2000%2Fsvg%27%20width%3D%272560%27%20height%3D%271707%27%20viewBox%3D%270%200%202560%201707%27%3E%3Crect%20width%3D%272560%27%20height%3D%271707%27%20fill-opacity%3D%220%22%2F%3E%3C%2Fsvg%3E\" data-srcset=\"https:\/\/www.camping-coulvee-chemille.com\/wp-content\/uploads\/2026\/01\/\u00a9D.Drouet-6362-200x133.jpg 200w, https:\/\/www.camping-coulvee-chemille.com\/wp-content\/uploads\/2026\/01\/\u00a9D.Drouet-6362-400x267.jpg 400w, https:\/\/www.camping-coulvee-chemille.com\/wp-content\/uploads\/2026\/01\/\u00a9D.Drouet-6362-600x400.jpg 600w, https:\/\/www.camping-coulvee-chemille.com\/wp-content\/uploads\/2026\/01\/\u00a9D.Drouet-6362-800x533.jpg 800w, https:\/\/www.camping-coulvee-chemille.com\/wp-content\/uploads\/2026\/01\/\u00a9D.Drouet-6362-1200x800.jpg 1200w\" data-sizes=\"auto\" data-orig-sizes=\"(max-width: 1024px) 100vw, (max-width: 640px) 100vw, 1200px\" \/><\/span><\/div><\/div><\/div><\/div><\/div><div class=\"fusion-fullwidth fullwidth-box fusion-builder-row-6 fusion-flex-container has-pattern-background has-mask-background nonhundred-percent-fullwidth non-hundred-percent-height-scrolling\" style=\"--awb-border-radius-top-left:0px;--awb-border-radius-top-right:0px;--awb-border-radius-bottom-right:0px;--awb-border-radius-bottom-left:0px;--awb-flex-wrap:wrap;\" ><div class=\"fusion-builder-row fusion-row fusion-flex-align-items-flex-start fusion-flex-content-wrap\" style=\"max-width:1216.8px;margin-left: calc(-4% \/ 2 );margin-right: calc(-4% \/ 2 );\"><\/div><\/div><\/p>\n","protected":false},"excerpt":{"rendered":"","protected":false},"author":10,"featured_media":0,"parent":0,"menu_order":0,"comment_status":"closed","ping_status":"closed","template":"","meta":{"footnotes":""},"class_list":["post-21797","page","type-page","status-publish","hentry"],"yoast_head":"<!-- This site is optimized with the Yoast SEO plugin v27.4 - https:\/\/yoast.com\/product\/yoast-seo-wordpress\/ -->\n<title>On-Site Activities - Camping Coulv\u00e9e<\/title>\n<meta name=\"description\" content=\"D\u00e9couvrez les activit\u00e9s sur place au Camping de Coulv\u00e9e. Un moment convivial vous attends.\" \/>\n<meta name=\"robots\" content=\"index, follow, max-snippet:-1, max-image-preview:large, max-video-preview:-1\" \/>\n<link rel=\"canonical\" href=\"https:\/\/www.camping-coulvee-chemille.com\/en\/activites-sur-place-2\/\" \/>\n<meta property=\"og:locale\" content=\"en_US\" \/>\n<meta property=\"og:type\" content=\"article\" \/>\n<meta property=\"og:title\" content=\"On-Site Activities - Camping Coulv\u00e9e\" \/>\n<meta property=\"og:description\" content=\"D\u00e9couvrez les activit\u00e9s sur place au Camping de Coulv\u00e9e. Un moment convivial vous attends.\" \/>\n<meta property=\"og:url\" content=\"https:\/\/www.camping-coulvee-chemille.com\/en\/activites-sur-place-2\/\" \/>\n<meta property=\"og:site_name\" content=\"Camping Coulv\u00e9e\" \/>\n<meta property=\"article:modified_time\" content=\"2026-03-06T15:03:49+00:00\" \/>\n<meta name=\"twitter:card\" content=\"summary_large_image\" \/>\n<meta name=\"twitter:label1\" content=\"Est. reading time\" \/>\n\t<meta name=\"twitter:data1\" content=\"3 minutes\" \/>\n<script type=\"application\/ld+json\" class=\"yoast-schema-graph\">{\"@context\":\"https:\\\/\\\/schema.org\",\"@graph\":[{\"@type\":\"WebPage\",\"@id\":\"https:\\\/\\\/www.camping-coulvee-chemille.com\\\/en\\\/activites-sur-place-2\\\/\",\"url\":\"https:\\\/\\\/www.camping-coulvee-chemille.com\\\/en\\\/activites-sur-place-2\\\/\",\"name\":\"On-Site Activities - Camping Coulv\u00e9e\",\"isPartOf\":{\"@id\":\"https:\\\/\\\/www.camping-coulvee-chemille.com\\\/#website\"},\"datePublished\":\"2026-03-06T14:50:51+00:00\",\"dateModified\":\"2026-03-06T15:03:49+00:00\",\"description\":\"D\u00e9couvrez les activit\u00e9s sur place au Camping de Coulv\u00e9e. Un moment convivial vous attends.\",\"breadcrumb\":{\"@id\":\"https:\\\/\\\/www.camping-coulvee-chemille.com\\\/en\\\/activites-sur-place-2\\\/#breadcrumb\"},\"inLanguage\":\"en-US\",\"potentialAction\":[{\"@type\":\"ReadAction\",\"target\":[\"https:\\\/\\\/www.camping-coulvee-chemille.com\\\/en\\\/activites-sur-place-2\\\/\"]}]},{\"@type\":\"BreadcrumbList\",\"@id\":\"https:\\\/\\\/www.camping-coulvee-chemille.com\\\/en\\\/activites-sur-place-2\\\/#breadcrumb\",\"itemListElement\":[{\"@type\":\"ListItem\",\"position\":1,\"name\":\"Accueil\",\"item\":\"https:\\\/\\\/www.camping-coulvee-chemille.com\\\/en\\\/\"},{\"@type\":\"ListItem\",\"position\":2,\"name\":\"On-Site Activities\"}]},{\"@type\":\"WebSite\",\"@id\":\"https:\\\/\\\/www.camping-coulvee-chemille.com\\\/#website\",\"url\":\"https:\\\/\\\/www.camping-coulvee-chemille.com\\\/\",\"name\":\"Camping Coulv\u00e9e\",\"description\":\"Un camping entre calme, nature et proximit\u00e9 du Puy du Fou\",\"potentialAction\":[{\"@type\":\"SearchAction\",\"target\":{\"@type\":\"EntryPoint\",\"urlTemplate\":\"https:\\\/\\\/www.camping-coulvee-chemille.com\\\/?s={search_term_string}\"},\"query-input\":{\"@type\":\"PropertyValueSpecification\",\"valueRequired\":true,\"valueName\":\"search_term_string\"}}],\"inLanguage\":\"en-US\"}]}<\/script>\n<!-- \/ Yoast SEO plugin. -->","yoast_head_json":{"title":"On-Site Activities - Camping Coulv\u00e9e","description":"D\u00e9couvrez les activit\u00e9s sur place au Camping de Coulv\u00e9e. Un moment convivial vous attends.","robots":{"index":"index","follow":"follow","max-snippet":"max-snippet:-1","max-image-preview":"max-image-preview:large","max-video-preview":"max-video-preview:-1"},"canonical":"https:\/\/www.camping-coulvee-chemille.com\/en\/activites-sur-place-2\/","og_locale":"en_US","og_type":"article","og_title":"On-Site Activities - Camping Coulv\u00e9e","og_description":"D\u00e9couvrez les activit\u00e9s sur place au Camping de Coulv\u00e9e. Un moment convivial vous attends.","og_url":"https:\/\/www.camping-coulvee-chemille.com\/en\/activites-sur-place-2\/","og_site_name":"Camping Coulv\u00e9e","article_modified_time":"2026-03-06T15:03:49+00:00","twitter_card":"summary_large_image","twitter_misc":{"Est. reading time":"3 minutes"},"schema":{"@context":"https:\/\/schema.org","@graph":[{"@type":"WebPage","@id":"https:\/\/www.camping-coulvee-chemille.com\/en\/activites-sur-place-2\/","url":"https:\/\/www.camping-coulvee-chemille.com\/en\/activites-sur-place-2\/","name":"On-Site Activities - Camping Coulv\u00e9e","isPartOf":{"@id":"https:\/\/www.camping-coulvee-chemille.com\/#website"},"datePublished":"2026-03-06T14:50:51+00:00","dateModified":"2026-03-06T15:03:49+00:00","description":"D\u00e9couvrez les activit\u00e9s sur place au Camping de Coulv\u00e9e. Un moment convivial vous attends.","breadcrumb":{"@id":"https:\/\/www.camping-coulvee-chemille.com\/en\/activites-sur-place-2\/#breadcrumb"},"inLanguage":"en-US","potentialAction":[{"@type":"ReadAction","target":["https:\/\/www.camping-coulvee-chemille.com\/en\/activites-sur-place-2\/"]}]},{"@type":"BreadcrumbList","@id":"https:\/\/www.camping-coulvee-chemille.com\/en\/activites-sur-place-2\/#breadcrumb","itemListElement":[{"@type":"ListItem","position":1,"name":"Accueil","item":"https:\/\/www.camping-coulvee-chemille.com\/en\/"},{"@type":"ListItem","position":2,"name":"On-Site Activities"}]},{"@type":"WebSite","@id":"https:\/\/www.camping-coulvee-chemille.com\/#website","url":"https:\/\/www.camping-coulvee-chemille.com\/","name":"Camping Coulv\u00e9e","description":"Un camping entre calme, nature et proximit\u00e9 du Puy du Fou","potentialAction":[{"@type":"SearchAction","target":{"@type":"EntryPoint","urlTemplate":"https:\/\/www.camping-coulvee-chemille.com\/?s={search_term_string}"},"query-input":{"@type":"PropertyValueSpecification","valueRequired":true,"valueName":"search_term_string"}}],"inLanguage":"en-US"}]}},"_links":{"self":[{"href":"https:\/\/www.camping-coulvee-chemille.com\/en\/wp-json\/wp\/v2\/pages\/21797","targetHints":{"allow":["GET"]}}],"collection":[{"href":"https:\/\/www.camping-coulvee-chemille.com\/en\/wp-json\/wp\/v2\/pages"}],"about":[{"href":"https:\/\/www.camping-coulvee-chemille.com\/en\/wp-json\/wp\/v2\/types\/page"}],"author":[{"embeddable":true,"href":"https:\/\/www.camping-coulvee-chemille.com\/en\/wp-json\/wp\/v2\/users\/10"}],"replies":[{"embeddable":true,"href":"https:\/\/www.camping-coulvee-chemille.com\/en\/wp-json\/wp\/v2\/comments?post=21797"}],"version-history":[{"count":2,"href":"https:\/\/www.camping-coulvee-chemille.com\/en\/wp-json\/wp\/v2\/pages\/21797\/revisions"}],"predecessor-version":[{"id":21805,"href":"https:\/\/www.camping-coulvee-chemille.com\/en\/wp-json\/wp\/v2\/pages\/21797\/revisions\/21805"}],"wp:attachment":[{"href":"https:\/\/www.camping-coulvee-chemille.com\/en\/wp-json\/wp\/v2\/media?parent=21797"}],"curies":[{"name":"wp","href":"https:\/\/api.w.org\/{rel}","templated":true}]}}