{"id":21816,"date":"2026-03-09T12:21:14","date_gmt":"2026-03-09T11:21:14","guid":{"rendered":"https:\/\/www.camping-coulvee-chemille.com\/?page_id=21816"},"modified":"2026-03-09T12:21:14","modified_gmt":"2026-03-09T11:21:14","slug":"nearby-activities","status":"publish","type":"page","link":"https:\/\/www.camping-coulvee-chemille.com\/en\/nearby-activities\/","title":{"rendered":"Nearby Activities"},"content":{"rendered":"<p><div class=\"fusion-fullwidth fullwidth-box fusion-builder-row-1 fusion-flex-container has-pattern-background has-mask-background nonhundred-percent-fullwidth non-hundred-percent-height-scrolling\" style=\"--awb-border-radius-top-left:0px;--awb-border-radius-top-right:0px;--awb-border-radius-bottom-right:0px;--awb-border-radius-bottom-left:0px;--awb-flex-wrap:wrap;\" ><div class=\"fusion-builder-row fusion-row fusion-flex-align-items-flex-start fusion-flex-content-wrap\" style=\"max-width:1216.8px;margin-left: calc(-4% \/ 2 );margin-right: calc(-4% \/ 2 );\"><div class=\"fusion-layout-column fusion_builder_column fusion-builder-column-0 fusion_builder_column_1_1 1_1 fusion-flex-column\" style=\"--awb-bg-size:cover;--awb-width-large:100%;--awb-margin-top-large:15px;--awb-spacing-right-large:1.92%;--awb-margin-bottom-large:15px;--awb-spacing-left-large:1.92%;--awb-width-medium:100%;--awb-order-medium:0;--awb-spacing-right-medium:1.92%;--awb-spacing-left-medium:1.92%;--awb-width-small:100%;--awb-order-small:0;--awb-spacing-right-small:1.92%;--awb-spacing-left-small:1.92%;\"><div class=\"fusion-column-wrapper fusion-column-has-shadow fusion-flex-justify-content-flex-start fusion-content-layout-column\"><div class=\"fusion-text fusion-text-1\"><h1 style=\"text-align: center; color: #000000;\">THINGS TO DO NEAT CAMPING DE COULV\u00c9E<\/h1>\n<\/div><\/div><\/div><\/div><\/div><div class=\"fusion-fullwidth fullwidth-box fusion-builder-row-2 fusion-flex-container has-pattern-background has-mask-background nonhundred-percent-fullwidth non-hundred-percent-height-scrolling\" style=\"--awb-border-radius-top-left:0px;--awb-border-radius-top-right:0px;--awb-border-radius-bottom-right:0px;--awb-border-radius-bottom-left:0px;--awb-flex-wrap:wrap;\" ><div class=\"fusion-builder-row fusion-row fusion-flex-align-items-flex-start fusion-flex-content-wrap\" style=\"max-width:1216.8px;margin-left: calc(-4% \/ 2 );margin-right: calc(-4% \/ 2 );\"><div class=\"fusion-layout-column fusion_builder_column fusion-builder-column-1 fusion_builder_column_1_1 1_1 fusion-flex-column\" style=\"--awb-bg-size:cover;--awb-width-large:100%;--awb-margin-top-large:15px;--awb-spacing-right-large:1.92%;--awb-margin-bottom-large:15px;--awb-spacing-left-large:1.92%;--awb-width-medium:100%;--awb-order-medium:0;--awb-spacing-right-medium:1.92%;--awb-spacing-left-medium:1.92%;--awb-width-small:100%;--awb-order-small:0;--awb-spacing-right-small:1.92%;--awb-spacing-left-small:1.92%;\"><div class=\"fusion-column-wrapper fusion-column-has-shadow fusion-flex-justify-content-flex-start fusion-content-layout-column\"><div class=\"fusion-text fusion-text-2\"><h2><strong style=\"color: #000000; font-size: 27px;\" data-fusion-font=\"true\">THE HYR\u00d4ME SWIMMING POOL<\/strong><\/h2>\n<p data-start=\"125\" data-end=\"305\"><strong data-start=\"125\" data-end=\"303\">Just a 5-minute drive from the campsite, the Hyr\u00f4me Swimming Pool in Chemill\u00e9 welcomes you year-round to enjoy fun pools and various water activities with family or friends.<\/strong><\/p>\n<p data-start=\"307\" data-end=\"595\">Set in a warm (30\u00b0C water), bright, and green environment, the indoor pool features a 25-meter sports pool and a leisure pool with jets (waterfalls, counter-current\u2026). The outdoor pool (12.5\u202fm \u00d7 25\u202fm) is open during the summer season, with access to the sunbathing lawns. <a href=\"https:\/\/www.piscine-de-hyrome.com\/\"><strong data-start=\"579\" data-end=\"593\">More info<\/strong><\/a><\/p>\n<\/div><div class=\"fusion-image-element \" style=\"text-align:center;--awb-caption-title-font-family:var(--h2_typography-font-family);--awb-caption-title-font-weight:var(--h2_typography-font-weight);--awb-caption-title-font-style:var(--h2_typography-font-style);--awb-caption-title-size:var(--h2_typography-font-size);--awb-caption-title-transform:var(--h2_typography-text-transform);--awb-caption-title-line-height:var(--h2_typography-line-height);--awb-caption-title-letter-spacing:var(--h2_typography-letter-spacing);\"><span class=\" fusion-imageframe imageframe-none imageframe-1 hover-type-none\"><img decoding=\"async\" width=\"600\" height=\"400\" alt=\"Une homme nage dans la piscine de L&#039;Hyr\u00f4me \u00e0 proximit\u00e9 du camping de Coulv\u00e9e. \" title=\"man in the pool\" src=\"https:\/\/www.camping-coulvee-chemille.com\/wp-content\/uploads\/2026\/02\/handsome-man-floating-large-pool-home-scaled.jpg\" data-orig-src=\"https:\/\/www.camping-coulvee-chemille.com\/wp-content\/uploads\/2026\/02\/handsome-man-floating-large-pool-home-600x400.jpg\" class=\"lazyload img-responsive wp-image-21573\" srcset=\"data:image\/svg+xml,%3Csvg%20xmlns%3D%27http%3A%2F%2Fwww.w3.org%2F2000%2Fsvg%27%20width%3D%272560%27%20height%3D%271707%27%20viewBox%3D%270%200%202560%201707%27%3E%3Crect%20width%3D%272560%27%20height%3D%271707%27%20fill-opacity%3D%220%22%2F%3E%3C%2Fsvg%3E\" data-srcset=\"https:\/\/www.camping-coulvee-chemille.com\/wp-content\/uploads\/2026\/02\/handsome-man-floating-large-pool-home-200x133.jpg 200w, https:\/\/www.camping-coulvee-chemille.com\/wp-content\/uploads\/2026\/02\/handsome-man-floating-large-pool-home-400x267.jpg 400w, https:\/\/www.camping-coulvee-chemille.com\/wp-content\/uploads\/2026\/02\/handsome-man-floating-large-pool-home-600x400.jpg 600w, https:\/\/www.camping-coulvee-chemille.com\/wp-content\/uploads\/2026\/02\/handsome-man-floating-large-pool-home-800x533.jpg 800w, https:\/\/www.camping-coulvee-chemille.com\/wp-content\/uploads\/2026\/02\/handsome-man-floating-large-pool-home-1200x800.jpg 1200w\" data-sizes=\"auto\" data-orig-sizes=\"(max-width: 1024px) 100vw, (max-width: 640px) 100vw, 1200px\" \/><\/span><\/div><\/div><\/div><\/div><\/div><div class=\"fusion-fullwidth fullwidth-box fusion-builder-row-3 fusion-flex-container has-pattern-background has-mask-background nonhundred-percent-fullwidth non-hundred-percent-height-scrolling\" style=\"--awb-border-radius-top-left:0px;--awb-border-radius-top-right:0px;--awb-border-radius-bottom-right:0px;--awb-border-radius-bottom-left:0px;--awb-flex-wrap:wrap;\" ><div class=\"fusion-builder-row fusion-row fusion-flex-align-items-flex-start fusion-flex-content-wrap\" style=\"max-width:1216.8px;margin-left: calc(-4% \/ 2 );margin-right: calc(-4% \/ 2 );\"><div class=\"fusion-layout-column fusion_builder_column fusion-builder-column-2 fusion_builder_column_1_1 1_1 fusion-flex-column\" style=\"--awb-bg-size:cover;--awb-width-large:100%;--awb-margin-top-large:15px;--awb-spacing-right-large:1.92%;--awb-margin-bottom-large:15px;--awb-spacing-left-large:1.92%;--awb-width-medium:100%;--awb-order-medium:0;--awb-spacing-right-medium:1.92%;--awb-spacing-left-medium:1.92%;--awb-width-small:100%;--awb-order-small:0;--awb-spacing-right-small:1.92%;--awb-spacing-left-small:1.92%;\"><div class=\"fusion-column-wrapper fusion-column-has-shadow fusion-flex-justify-content-flex-start fusion-content-layout-column\"><div class=\"fusion-text fusion-text-3\"><p><strong style=\"font-size: 27px; color: #000000;\" data-fusion-font=\"true\">THE CAMIFOLIA GARDEN<\/strong><\/p>\n<p data-start=\"109\" data-end=\"412\"><span style=\"color: #000000;\">Don\u2019t miss the Camifolia Garden, just 1.5 km away and accessible on foot via a beautiful greenway. Chemill\u00e9-en-Anjou is the French capital of medicinal plants, and Camifolia Garden is its showcase. Whether you\u2019re a beginner or a botany enthusiast, explore 600 plant species across six themed areas.<\/span><\/p>\n<p data-start=\"414\" data-end=\"697\"><span style=\"color: #000000;\">Open from May 1st to October 31st and awarded the Qualit\u00e9 Tourisme label, the garden offers an exceptional experience around plants: self-guided tours with a dedicated family trail, guided visits to uncover the secrets of plants, thematic workshops, and major events. <a style=\"color: #000000;\" href=\"https:\/\/www.jardin-camifolia.com\/\"><strong data-start=\"682\" data-end=\"695\">More info<\/strong><\/a><\/span><\/p>\n<p data-start=\"699\" data-end=\"746\"><span style=\"color: #000000;\"><em>Reduced admission with a campsite receipt.<\/em><\/span><\/p>\n<\/div><div class=\"fusion-image-carousel fusion-image-carousel-auto fusion-image-carousel-1\"><div class=\"awb-carousel awb-swiper awb-swiper-carousel awb-swiper-dots-position-bottom awb-carousel--carousel\" data-layout=\"carousel\" data-autoplay=\"no\" data-autoplayspeed=\"2500\" data-autoplaypause=\"no\" data-columns=\"5\" data-itemmargin=\"13\" data-itemwidth=\"180\" data-touchscroll=\"no\" data-freemode=\"no\" data-imagesize=\"auto\" data-scrollitems=\"0\" data-centeredslides=\"no\" data-rotationangle=\"50\" data-depth=\"100\" data-speed=\"500\" data-shadow=\"no\" style=\"--awb-dots-align:center;\"><div class=\"swiper-wrapper awb-image-carousel-wrapper fusion-flex-align-items-center\"><div class=\"swiper-slide\"><div class=\"fusion-carousel-item-wrapper\"><div class=\"fusion-image-wrapper hover-type-none\"><img decoding=\"async\" width=\"2560\" height=\"1920\" src=\"https:\/\/www.camping-coulvee-chemille.com\/wp-content\/uploads\/2026\/02\/2022_04-Fleurs-23-scaled.jpg\" class=\"attachment-full size-full lazyload\" alt=\"Jardin Camifolia \u00e0 proximit\u00e9 du Camping de Coulv\u00e9e\" srcset=\"data:image\/svg+xml,%3Csvg%20xmlns%3D%27http%3A%2F%2Fwww.w3.org%2F2000%2Fsvg%27%20width%3D%272560%27%20height%3D%271920%27%20viewBox%3D%270%200%202560%201920%27%3E%3Crect%20width%3D%272560%27%20height%3D%271920%27%20fill-opacity%3D%220%22%2F%3E%3C%2Fsvg%3E\" data-orig-src=\"https:\/\/www.camping-coulvee-chemille.com\/wp-content\/uploads\/2026\/02\/2022_04-Fleurs-23-scaled.jpg\" data-srcset=\"https:\/\/www.camping-coulvee-chemille.com\/wp-content\/uploads\/2026\/02\/2022_04-Fleurs-23-200x150.jpg 200w, https:\/\/www.camping-coulvee-chemille.com\/wp-content\/uploads\/2026\/02\/2022_04-Fleurs-23-400x300.jpg 400w, https:\/\/www.camping-coulvee-chemille.com\/wp-content\/uploads\/2026\/02\/2022_04-Fleurs-23-600x450.jpg 600w, https:\/\/www.camping-coulvee-chemille.com\/wp-content\/uploads\/2026\/02\/2022_04-Fleurs-23-800x600.jpg 800w, https:\/\/www.camping-coulvee-chemille.com\/wp-content\/uploads\/2026\/02\/2022_04-Fleurs-23-1200x900.jpg 1200w, https:\/\/www.camping-coulvee-chemille.com\/wp-content\/uploads\/2026\/02\/2022_04-Fleurs-23-scaled.jpg 2560w\" data-sizes=\"auto\" \/><\/div><\/div><\/div><div class=\"swiper-slide\"><div class=\"fusion-carousel-item-wrapper\"><div class=\"fusion-image-wrapper hover-type-none\"><img decoding=\"async\" width=\"2560\" height=\"1920\" src=\"https:\/\/www.camping-coulvee-chemille.com\/wp-content\/uploads\/2026\/02\/2023-Plantes-et-Fleurs-3-scaled.jpg\" class=\"attachment-full size-full lazyload\" alt=\"Jardin Camifolia \u00e0 proximit\u00e9 du Camping de Coulv\u00e9e.\" srcset=\"data:image\/svg+xml,%3Csvg%20xmlns%3D%27http%3A%2F%2Fwww.w3.org%2F2000%2Fsvg%27%20width%3D%272560%27%20height%3D%271920%27%20viewBox%3D%270%200%202560%201920%27%3E%3Crect%20width%3D%272560%27%20height%3D%271920%27%20fill-opacity%3D%220%22%2F%3E%3C%2Fsvg%3E\" data-orig-src=\"https:\/\/www.camping-coulvee-chemille.com\/wp-content\/uploads\/2026\/02\/2023-Plantes-et-Fleurs-3-scaled.jpg\" data-srcset=\"https:\/\/www.camping-coulvee-chemille.com\/wp-content\/uploads\/2026\/02\/2023-Plantes-et-Fleurs-3-200x150.jpg 200w, https:\/\/www.camping-coulvee-chemille.com\/wp-content\/uploads\/2026\/02\/2023-Plantes-et-Fleurs-3-400x300.jpg 400w, https:\/\/www.camping-coulvee-chemille.com\/wp-content\/uploads\/2026\/02\/2023-Plantes-et-Fleurs-3-600x450.jpg 600w, https:\/\/www.camping-coulvee-chemille.com\/wp-content\/uploads\/2026\/02\/2023-Plantes-et-Fleurs-3-800x600.jpg 800w, https:\/\/www.camping-coulvee-chemille.com\/wp-content\/uploads\/2026\/02\/2023-Plantes-et-Fleurs-3-1200x900.jpg 1200w, https:\/\/www.camping-coulvee-chemille.com\/wp-content\/uploads\/2026\/02\/2023-Plantes-et-Fleurs-3-scaled.jpg 2560w\" data-sizes=\"auto\" \/><\/div><\/div><\/div><\/div><div class=\"awb-swiper-button awb-swiper-button-prev\"><i class=\"awb-icon-angle-left\" aria-hidden=\"true\"><\/i><\/div><div class=\"awb-swiper-button awb-swiper-button-next\"><i class=\"awb-icon-angle-right\" aria-hidden=\"true\"><\/i><\/div><\/div><\/div><\/div><\/div><\/div><\/div><div class=\"fusion-fullwidth fullwidth-box fusion-builder-row-4 fusion-flex-container has-pattern-background has-mask-background nonhundred-percent-fullwidth non-hundred-percent-height-scrolling\" style=\"--awb-border-radius-top-left:0px;--awb-border-radius-top-right:0px;--awb-border-radius-bottom-right:0px;--awb-border-radius-bottom-left:0px;--awb-flex-wrap:wrap;\" ><div class=\"fusion-builder-row fusion-row fusion-flex-align-items-flex-start fusion-flex-content-wrap\" style=\"max-width:1216.8px;margin-left: calc(-4% \/ 2 );margin-right: calc(-4% \/ 2 );\"><div class=\"fusion-layout-column fusion_builder_column fusion-builder-column-3 fusion_builder_column_1_1 1_1 fusion-flex-column\" style=\"--awb-bg-size:cover;--awb-width-large:100%;--awb-margin-top-large:15px;--awb-spacing-right-large:1.92%;--awb-margin-bottom-large:15px;--awb-spacing-left-large:1.92%;--awb-width-medium:100%;--awb-order-medium:0;--awb-spacing-right-medium:1.92%;--awb-spacing-left-medium:1.92%;--awb-width-small:100%;--awb-order-small:0;--awb-spacing-right-small:1.92%;--awb-spacing-left-small:1.92%;\"><div class=\"fusion-column-wrapper fusion-column-has-shadow fusion-flex-justify-content-flex-start fusion-content-layout-column\"><div class=\"fusion-text fusion-text-4\"><p><strong style=\"font-size: 27px; color: #000000;\" data-fusion-font=\"true\">HIKING TRAILS<\/strong><\/p>\n<p data-start=\"94\" data-end=\"527\">Kick off your shoes, grab your walking sticks, and explore the area surrounding the campsite. The Coul\u00e9e Verte walking trail offers a fresh perspective on Chemill\u00e9. The Mills Trail takes you to Chanzeaux through the stunning Val d\u2019Hyr\u00f4me. The starting point of the Cr\u00eates mountain bike trail is located at the Coulv\u00e9e leisure center parking lot, offering beautiful panoramic views from the Toit de l\u2019Anjou, which peaks at 211\u202fm.<\/p>\n<p data-start=\"529\" data-end=\"645\">A <a href=\"https:\/\/www.chemille-en-anjou.fr\/les-sentiers-de-randonnee\/\">pedestrian hiking map of Chemill\u00e9-en-Anjou<\/a> is available at the campsite reception or at the Camifolia Garden<\/p>\n<\/div><\/div><\/div><\/div><\/div><div class=\"fusion-fullwidth fullwidth-box fusion-builder-row-5 fusion-flex-container has-pattern-background has-mask-background nonhundred-percent-fullwidth non-hundred-percent-height-scrolling\" style=\"--awb-border-radius-top-left:0px;--awb-border-radius-top-right:0px;--awb-border-radius-bottom-right:0px;--awb-border-radius-bottom-left:0px;--awb-flex-wrap:wrap;\" ><div class=\"fusion-builder-row fusion-row fusion-flex-align-items-flex-start fusion-flex-content-wrap\" style=\"max-width:1216.8px;margin-left: calc(-4% \/ 2 );margin-right: calc(-4% \/ 2 );\"><div class=\"fusion-layout-column fusion_builder_column fusion-builder-column-4 fusion_builder_column_1_1 1_1 fusion-flex-column\" style=\"--awb-bg-size:cover;--awb-width-large:100%;--awb-margin-top-large:15px;--awb-spacing-right-large:1.92%;--awb-margin-bottom-large:15px;--awb-spacing-left-large:1.92%;--awb-width-medium:100%;--awb-order-medium:0;--awb-spacing-right-medium:1.92%;--awb-spacing-left-medium:1.92%;--awb-width-small:100%;--awb-order-small:0;--awb-spacing-right-small:1.92%;--awb-spacing-left-small:1.92%;\"><div class=\"fusion-column-wrapper fusion-column-has-shadow fusion-flex-justify-content-flex-start fusion-content-layout-column\"><div class=\"fusion-text fusion-text-5\"><p><strong style=\"color: #000000; font-size: 27px;\" data-fusion-font=\"true\">DISCOVERING ANJOU<\/strong><\/p>\n<p data-start=\"104\" data-end=\"348\">Land of charm and art of living, Anjou captivates with its rich landscapes and diverse heritage. From vineyards and lush valleys to picturesque villages, let yourself be charmed by a region where nature and history meet in perfect harmony.<\/p>\n<p data-start=\"350\" data-end=\"624\">Discover its iconic castles, stroll along the Loire River, enjoy countless hiking and cycling trails, and savor generous local cuisine paired with renowned wines. Anjou offers an authentic and welcoming experience, perfect for lovers of culture, nature, and relaxation.<\/p>\n<\/div><\/div><\/div><\/div><\/div><\/p>\n","protected":false},"excerpt":{"rendered":"","protected":false},"author":10,"featured_media":0,"parent":0,"menu_order":0,"comment_status":"closed","ping_status":"closed","template":"","meta":{"footnotes":""},"class_list":["post-21816","page","type-page","status-publish","hentry"],"yoast_head":"<!-- This site is optimized with the Yoast SEO plugin v27.4 - https:\/\/yoast.com\/product\/yoast-seo-wordpress\/ -->\n<title>Nearby Activities - Camping Coulv\u00e9e<\/title>\n<meta name=\"description\" content=\"Venez d\u00e9couvrir les activit\u00e9s \u00e0 proximit\u00e9 du camping de Coulv\u00e9e. Des s\u00e9jours adapt\u00e9s \u00e0 chaque besoins.\" \/>\n<meta name=\"robots\" content=\"index, follow, max-snippet:-1, max-image-preview:large, max-video-preview:-1\" \/>\n<link rel=\"canonical\" href=\"https:\/\/www.camping-coulvee-chemille.com\/nearby-activities\/\" \/>\n<meta property=\"og:locale\" content=\"en_US\" \/>\n<meta property=\"og:type\" content=\"article\" \/>\n<meta property=\"og:title\" content=\"Nearby Activities - Camping Coulv\u00e9e\" \/>\n<meta property=\"og:description\" content=\"Venez d\u00e9couvrir les activit\u00e9s \u00e0 proximit\u00e9 du camping de Coulv\u00e9e. Des s\u00e9jours adapt\u00e9s \u00e0 chaque besoins.\" \/>\n<meta property=\"og:url\" content=\"https:\/\/www.camping-coulvee-chemille.com\/nearby-activities\/\" \/>\n<meta property=\"og:site_name\" content=\"Camping Coulv\u00e9e\" \/>\n<meta name=\"twitter:card\" content=\"summary_large_image\" \/>\n<meta name=\"twitter:label1\" content=\"Est. reading time\" \/>\n\t<meta name=\"twitter:data1\" content=\"3 minutes\" \/>\n<script type=\"application\/ld+json\" class=\"yoast-schema-graph\">{\"@context\":\"https:\\\/\\\/schema.org\",\"@graph\":[{\"@type\":\"WebPage\",\"@id\":\"https:\\\/\\\/www.camping-coulvee-chemille.com\\\/nearby-activities\\\/\",\"url\":\"https:\\\/\\\/www.camping-coulvee-chemille.com\\\/nearby-activities\\\/\",\"name\":\"Nearby Activities - Camping Coulv\u00e9e\",\"isPartOf\":{\"@id\":\"https:\\\/\\\/www.camping-coulvee-chemille.com\\\/#website\"},\"datePublished\":\"2026-03-09T11:21:14+00:00\",\"description\":\"Venez d\u00e9couvrir les activit\u00e9s \u00e0 proximit\u00e9 du camping de Coulv\u00e9e. Des s\u00e9jours adapt\u00e9s \u00e0 chaque besoins.\",\"breadcrumb\":{\"@id\":\"https:\\\/\\\/www.camping-coulvee-chemille.com\\\/nearby-activities\\\/#breadcrumb\"},\"inLanguage\":\"en-US\",\"potentialAction\":[{\"@type\":\"ReadAction\",\"target\":[\"https:\\\/\\\/www.camping-coulvee-chemille.com\\\/nearby-activities\\\/\"]}]},{\"@type\":\"BreadcrumbList\",\"@id\":\"https:\\\/\\\/www.camping-coulvee-chemille.com\\\/nearby-activities\\\/#breadcrumb\",\"itemListElement\":[{\"@type\":\"ListItem\",\"position\":1,\"name\":\"Accueil\",\"item\":\"https:\\\/\\\/www.camping-coulvee-chemille.com\\\/en\\\/\"},{\"@type\":\"ListItem\",\"position\":2,\"name\":\"Nearby Activities\"}]},{\"@type\":\"WebSite\",\"@id\":\"https:\\\/\\\/www.camping-coulvee-chemille.com\\\/#website\",\"url\":\"https:\\\/\\\/www.camping-coulvee-chemille.com\\\/\",\"name\":\"Camping Coulv\u00e9e\",\"description\":\"Un camping entre calme, nature et proximit\u00e9 du Puy du Fou\",\"potentialAction\":[{\"@type\":\"SearchAction\",\"target\":{\"@type\":\"EntryPoint\",\"urlTemplate\":\"https:\\\/\\\/www.camping-coulvee-chemille.com\\\/?s={search_term_string}\"},\"query-input\":{\"@type\":\"PropertyValueSpecification\",\"valueRequired\":true,\"valueName\":\"search_term_string\"}}],\"inLanguage\":\"en-US\"}]}<\/script>\n<!-- \/ Yoast SEO plugin. -->","yoast_head_json":{"title":"Nearby Activities - Camping Coulv\u00e9e","description":"Venez d\u00e9couvrir les activit\u00e9s \u00e0 proximit\u00e9 du camping de Coulv\u00e9e. Des s\u00e9jours adapt\u00e9s \u00e0 chaque besoins.","robots":{"index":"index","follow":"follow","max-snippet":"max-snippet:-1","max-image-preview":"max-image-preview:large","max-video-preview":"max-video-preview:-1"},"canonical":"https:\/\/www.camping-coulvee-chemille.com\/nearby-activities\/","og_locale":"en_US","og_type":"article","og_title":"Nearby Activities - Camping Coulv\u00e9e","og_description":"Venez d\u00e9couvrir les activit\u00e9s \u00e0 proximit\u00e9 du camping de Coulv\u00e9e. Des s\u00e9jours adapt\u00e9s \u00e0 chaque besoins.","og_url":"https:\/\/www.camping-coulvee-chemille.com\/nearby-activities\/","og_site_name":"Camping Coulv\u00e9e","twitter_card":"summary_large_image","twitter_misc":{"Est. reading time":"3 minutes"},"schema":{"@context":"https:\/\/schema.org","@graph":[{"@type":"WebPage","@id":"https:\/\/www.camping-coulvee-chemille.com\/nearby-activities\/","url":"https:\/\/www.camping-coulvee-chemille.com\/nearby-activities\/","name":"Nearby Activities - Camping Coulv\u00e9e","isPartOf":{"@id":"https:\/\/www.camping-coulvee-chemille.com\/#website"},"datePublished":"2026-03-09T11:21:14+00:00","description":"Venez d\u00e9couvrir les activit\u00e9s \u00e0 proximit\u00e9 du camping de Coulv\u00e9e. Des s\u00e9jours adapt\u00e9s \u00e0 chaque besoins.","breadcrumb":{"@id":"https:\/\/www.camping-coulvee-chemille.com\/nearby-activities\/#breadcrumb"},"inLanguage":"en-US","potentialAction":[{"@type":"ReadAction","target":["https:\/\/www.camping-coulvee-chemille.com\/nearby-activities\/"]}]},{"@type":"BreadcrumbList","@id":"https:\/\/www.camping-coulvee-chemille.com\/nearby-activities\/#breadcrumb","itemListElement":[{"@type":"ListItem","position":1,"name":"Accueil","item":"https:\/\/www.camping-coulvee-chemille.com\/en\/"},{"@type":"ListItem","position":2,"name":"Nearby Activities"}]},{"@type":"WebSite","@id":"https:\/\/www.camping-coulvee-chemille.com\/#website","url":"https:\/\/www.camping-coulvee-chemille.com\/","name":"Camping Coulv\u00e9e","description":"Un camping entre calme, nature et proximit\u00e9 du Puy du Fou","potentialAction":[{"@type":"SearchAction","target":{"@type":"EntryPoint","urlTemplate":"https:\/\/www.camping-coulvee-chemille.com\/?s={search_term_string}"},"query-input":{"@type":"PropertyValueSpecification","valueRequired":true,"valueName":"search_term_string"}}],"inLanguage":"en-US"}]}},"_links":{"self":[{"href":"https:\/\/www.camping-coulvee-chemille.com\/en\/wp-json\/wp\/v2\/pages\/21816","targetHints":{"allow":["GET"]}}],"collection":[{"href":"https:\/\/www.camping-coulvee-chemille.com\/en\/wp-json\/wp\/v2\/pages"}],"about":[{"href":"https:\/\/www.camping-coulvee-chemille.com\/en\/wp-json\/wp\/v2\/types\/page"}],"author":[{"embeddable":true,"href":"https:\/\/www.camping-coulvee-chemille.com\/en\/wp-json\/wp\/v2\/users\/10"}],"replies":[{"embeddable":true,"href":"https:\/\/www.camping-coulvee-chemille.com\/en\/wp-json\/wp\/v2\/comments?post=21816"}],"version-history":[{"count":1,"href":"https:\/\/www.camping-coulvee-chemille.com\/en\/wp-json\/wp\/v2\/pages\/21816\/revisions"}],"predecessor-version":[{"id":21817,"href":"https:\/\/www.camping-coulvee-chemille.com\/en\/wp-json\/wp\/v2\/pages\/21816\/revisions\/21817"}],"wp:attachment":[{"href":"https:\/\/www.camping-coulvee-chemille.com\/en\/wp-json\/wp\/v2\/media?parent=21816"}],"curies":[{"name":"wp","href":"https:\/\/api.w.org\/{rel}","templated":true}]}}