{"id":21820,"date":"2026-03-09T16:27:09","date_gmt":"2026-03-09T15:27:09","guid":{"rendered":"https:\/\/www.camping-coulvee-chemille.com\/?page_id=21820"},"modified":"2026-03-09T16:30:36","modified_gmt":"2026-03-09T15:30:36","slug":"chemille-and-nearby-areas","status":"publish","type":"page","link":"https:\/\/www.camping-coulvee-chemille.com\/en\/chemille-and-nearby-areas\/","title":{"rendered":"Chemill\u00e9 and nearby areas"},"content":{"rendered":"<div class=\"fusion-fullwidth fullwidth-box fusion-builder-row-1 fusion-flex-container has-pattern-background has-mask-background nonhundred-percent-fullwidth non-hundred-percent-height-scrolling\" style=\"--awb-border-radius-top-left:0px;--awb-border-radius-top-right:0px;--awb-border-radius-bottom-right:0px;--awb-border-radius-bottom-left:0px;--awb-flex-wrap:wrap;\" ><div class=\"fusion-builder-row fusion-row fusion-flex-align-items-flex-start fusion-flex-content-wrap\" style=\"max-width:1216.8px;margin-left: calc(-4% \/ 2 );margin-right: calc(-4% \/ 2 );\"><div class=\"fusion-layout-column fusion_builder_column fusion-builder-column-0 fusion_builder_column_1_1 1_1 fusion-flex-column\" style=\"--awb-bg-size:cover;--awb-width-large:100%;--awb-margin-top-large:15px;--awb-spacing-right-large:1.92%;--awb-margin-bottom-large:15px;--awb-spacing-left-large:1.92%;--awb-width-medium:100%;--awb-order-medium:0;--awb-spacing-right-medium:1.92%;--awb-spacing-left-medium:1.92%;--awb-width-small:100%;--awb-order-small:0;--awb-spacing-right-small:1.92%;--awb-spacing-left-small:1.92%;\"><div class=\"fusion-column-wrapper fusion-column-has-shadow fusion-flex-justify-content-flex-start fusion-content-layout-column\"><div class=\"fusion-text fusion-text-1\"><h1 class=\"fusion-responsive-typography-calculated\" style=\"text-align: center; --fontsize: 50; line-height: 1.2;\" data-fontsize=\"50\" data-lineheight=\"60px\"><strong style=\"color: #000000; font-size: 50px;\" data-fusion-font=\"true\">ACTIVITIES NEAR THE CAMPSITE IN ANJOU<\/strong><\/h1>\n<\/div><\/div><\/div><div class=\"fusion-layout-column fusion_builder_column fusion-builder-column-1 fusion_builder_column_1_1 1_1 fusion-flex-column\" style=\"--awb-bg-size:cover;--awb-width-large:100%;--awb-margin-top-large:15px;--awb-spacing-right-large:1.92%;--awb-margin-bottom-large:15px;--awb-spacing-left-large:1.92%;--awb-width-medium:100%;--awb-order-medium:0;--awb-spacing-right-medium:1.92%;--awb-spacing-left-medium:1.92%;--awb-width-small:100%;--awb-order-small:0;--awb-spacing-right-small:1.92%;--awb-spacing-left-small:1.92%;\"><div class=\"fusion-column-wrapper fusion-column-has-shadow fusion-flex-justify-content-flex-start fusion-content-layout-column\"><div class=\"fusion-text fusion-text-2\"><p data-start=\"94\" data-end=\"298\"><span style=\"color: #000000;\">Cradle of a rich rural and artisanal heritage, Chemill\u00e9 and the Mauges region embody the authentic spirit of Anjou, with its preserved hedgerow landscapes, local craftsmanship, and gentle way of life.<\/span><\/p>\n<p data-start=\"300\" data-end=\"332\"><span style=\"color: #000000;\"><strong data-start=\"300\" data-end=\"332\">Don\u2019t miss these highlights:<\/strong><\/span><\/p>\n<ul data-start=\"334\" data-end=\"1127\">\n<li data-section-id=\"k3mbtt\" data-start=\"334\" data-end=\"497\">\n<p data-start=\"336\" data-end=\"497\"><span style=\"color: #000000;\"><strong data-start=\"336\" data-end=\"360\">The <a href=\"https:\/\/www.jardin-camifolia.com\/\">Camifolia Garden<\/a><\/strong>, a botanical garden dedicated to medicinal plants and biodiversity, and a true showcase of the relationship between people and plants.<\/span><\/p>\n<\/li>\n<li data-section-id=\"1yk75cp\" data-start=\"498\" data-end=\"639\">\n<p data-start=\"500\" data-end=\"639\"><span style=\"color: #000000;\"><strong data-start=\"500\" data-end=\"524\">Chemill\u00e9 town center<\/strong>, with its architectural heritage, churches, market halls, and lively market reflecting the rhythm of local life.<\/span><\/p>\n<\/li>\n<li data-section-id=\"1c919u8\" data-start=\"640\" data-end=\"785\">\n<p data-start=\"642\" data-end=\"785\"><span style=\"color: #000000;\"><strong data-start=\"642\" data-end=\"679\">Nature walks in the Mauges bocage<\/strong>, on foot or by bike, through hedgerows, rolling hills, and rivers\u2014perfect for relaxation and discovery.<\/span><\/p>\n<\/li>\n<li data-section-id=\"mabb7c\" data-start=\"786\" data-end=\"1004\">\n<p data-start=\"788\" data-end=\"1004\"><span style=\"color: #000000;\"><strong data-start=\"788\" data-end=\"809\">The Hyr\u00f4me Valley<\/strong> and the surrounding villages of <strong data-start=\"842\" data-end=\"879\">Chanzeaux, Valanjou, and Thouarc\u00e9<\/strong>, offering beautiful landscapes, charming sites, and access to the Layon hillsides, renowned for their vineyards and wines.<\/span><\/p>\n<\/li>\n<li data-section-id=\"1r5749e\" data-start=\"1005\" data-end=\"1127\">\n<p data-start=\"1007\" data-end=\"1127\"><span style=\"color: #000000;\"><strong data-start=\"1007\" data-end=\"1069\">The castles of Chanzeaux, La Jumelli\u00e8re, and La Tourlandry<\/strong>, which reflect the elegant heritage of the Mauges region.<\/span><\/p>\n<\/li>\n<\/ul>\n<p data-start=\"1129\" data-end=\"1299\"><span style=\"color: #000000;\"><strong data-start=\"1129\" data-end=\"1299\">A welcoming region on a human scale, ideal for recharging your batteries, discovering a more confidential side of Anjou, and enjoying a simple and warm art of living.<\/strong><\/span><\/p>\n<p data-start=\"1301\" data-end=\"1388\"><span style=\"color: #000000;\">Find all tourist information about Chemill\u00e9 and the Mauges region on <a href=\"https:\/\/www.osezmauges.fr\/\"><strong data-start=\"1370\" data-end=\"1387\">\u00d4sesmauges.fr<\/strong><\/a>.<\/span><\/p>\n<\/div><div class=\"fusion-image-carousel fusion-image-carousel-auto fusion-image-carousel-1\"><div class=\"awb-carousel awb-swiper awb-swiper-carousel awb-swiper-dots-position-bottom awb-carousel--carousel\" data-layout=\"carousel\" data-autoplay=\"no\" data-autoplayspeed=\"2500\" data-autoplaypause=\"no\" data-columns=\"5\" data-itemmargin=\"13\" data-itemwidth=\"180\" data-touchscroll=\"no\" data-freemode=\"no\" data-imagesize=\"auto\" data-scrollitems=\"0\" data-centeredslides=\"no\" data-rotationangle=\"50\" data-depth=\"100\" data-speed=\"500\" data-shadow=\"no\" style=\"--awb-dots-align:center;\"><div class=\"swiper-wrapper awb-image-carousel-wrapper fusion-flex-align-items-center\"><div class=\"swiper-slide\"><div class=\"fusion-carousel-item-wrapper\"><div class=\"fusion-image-wrapper hover-type-none\"><img decoding=\"async\" width=\"2560\" height=\"1920\" src=\"https:\/\/www.camping-coulvee-chemille.com\/wp-content\/uploads\/2026\/02\/20210526_141551-scaled.jpg\" class=\"attachment-full size-full lazyload\" alt=\"Jardin Camifolia,\" srcset=\"data:image\/svg+xml,%3Csvg%20xmlns%3D%27http%3A%2F%2Fwww.w3.org%2F2000%2Fsvg%27%20width%3D%272560%27%20height%3D%271920%27%20viewBox%3D%270%200%202560%201920%27%3E%3Crect%20width%3D%272560%27%20height%3D%271920%27%20fill-opacity%3D%220%22%2F%3E%3C%2Fsvg%3E\" data-orig-src=\"https:\/\/www.camping-coulvee-chemille.com\/wp-content\/uploads\/2026\/02\/20210526_141551-scaled.jpg\" data-srcset=\"https:\/\/www.camping-coulvee-chemille.com\/wp-content\/uploads\/2026\/02\/20210526_141551-200x150.jpg 200w, https:\/\/www.camping-coulvee-chemille.com\/wp-content\/uploads\/2026\/02\/20210526_141551-400x300.jpg 400w, https:\/\/www.camping-coulvee-chemille.com\/wp-content\/uploads\/2026\/02\/20210526_141551-600x450.jpg 600w, https:\/\/www.camping-coulvee-chemille.com\/wp-content\/uploads\/2026\/02\/20210526_141551-800x600.jpg 800w, https:\/\/www.camping-coulvee-chemille.com\/wp-content\/uploads\/2026\/02\/20210526_141551-1200x900.jpg 1200w, https:\/\/www.camping-coulvee-chemille.com\/wp-content\/uploads\/2026\/02\/20210526_141551-scaled.jpg 2560w\" data-sizes=\"auto\" \/><\/div><\/div><\/div><div class=\"swiper-slide\"><div class=\"fusion-carousel-item-wrapper\"><div class=\"fusion-image-wrapper hover-type-none\"><img decoding=\"async\" width=\"2560\" height=\"1920\" src=\"https:\/\/www.camping-coulvee-chemille.com\/wp-content\/uploads\/2026\/02\/2022_04-Fleurs-23-scaled.jpg\" class=\"attachment-full size-full lazyload\" alt=\"Jardin Camifolia \u00e0 proximit\u00e9 du Camping de Coulv\u00e9e\" srcset=\"data:image\/svg+xml,%3Csvg%20xmlns%3D%27http%3A%2F%2Fwww.w3.org%2F2000%2Fsvg%27%20width%3D%272560%27%20height%3D%271920%27%20viewBox%3D%270%200%202560%201920%27%3E%3Crect%20width%3D%272560%27%20height%3D%271920%27%20fill-opacity%3D%220%22%2F%3E%3C%2Fsvg%3E\" data-orig-src=\"https:\/\/www.camping-coulvee-chemille.com\/wp-content\/uploads\/2026\/02\/2022_04-Fleurs-23-scaled.jpg\" data-srcset=\"https:\/\/www.camping-coulvee-chemille.com\/wp-content\/uploads\/2026\/02\/2022_04-Fleurs-23-200x150.jpg 200w, https:\/\/www.camping-coulvee-chemille.com\/wp-content\/uploads\/2026\/02\/2022_04-Fleurs-23-400x300.jpg 400w, https:\/\/www.camping-coulvee-chemille.com\/wp-content\/uploads\/2026\/02\/2022_04-Fleurs-23-600x450.jpg 600w, https:\/\/www.camping-coulvee-chemille.com\/wp-content\/uploads\/2026\/02\/2022_04-Fleurs-23-800x600.jpg 800w, https:\/\/www.camping-coulvee-chemille.com\/wp-content\/uploads\/2026\/02\/2022_04-Fleurs-23-1200x900.jpg 1200w, https:\/\/www.camping-coulvee-chemille.com\/wp-content\/uploads\/2026\/02\/2022_04-Fleurs-23-scaled.jpg 2560w\" data-sizes=\"auto\" \/><\/div><\/div><\/div><div class=\"swiper-slide\"><div class=\"fusion-carousel-item-wrapper\"><div class=\"fusion-image-wrapper hover-type-none\"><img decoding=\"async\" width=\"2560\" height=\"1920\" src=\"https:\/\/www.camping-coulvee-chemille.com\/wp-content\/uploads\/2026\/02\/2023-Plantes-et-Fleurs-3-scaled.jpg\" class=\"attachment-full size-full lazyload\" alt=\"Jardin Camifolia \u00e0 proximit\u00e9 du Camping de Coulv\u00e9e.\" srcset=\"data:image\/svg+xml,%3Csvg%20xmlns%3D%27http%3A%2F%2Fwww.w3.org%2F2000%2Fsvg%27%20width%3D%272560%27%20height%3D%271920%27%20viewBox%3D%270%200%202560%201920%27%3E%3Crect%20width%3D%272560%27%20height%3D%271920%27%20fill-opacity%3D%220%22%2F%3E%3C%2Fsvg%3E\" data-orig-src=\"https:\/\/www.camping-coulvee-chemille.com\/wp-content\/uploads\/2026\/02\/2023-Plantes-et-Fleurs-3-scaled.jpg\" data-srcset=\"https:\/\/www.camping-coulvee-chemille.com\/wp-content\/uploads\/2026\/02\/2023-Plantes-et-Fleurs-3-200x150.jpg 200w, https:\/\/www.camping-coulvee-chemille.com\/wp-content\/uploads\/2026\/02\/2023-Plantes-et-Fleurs-3-400x300.jpg 400w, https:\/\/www.camping-coulvee-chemille.com\/wp-content\/uploads\/2026\/02\/2023-Plantes-et-Fleurs-3-600x450.jpg 600w, https:\/\/www.camping-coulvee-chemille.com\/wp-content\/uploads\/2026\/02\/2023-Plantes-et-Fleurs-3-800x600.jpg 800w, https:\/\/www.camping-coulvee-chemille.com\/wp-content\/uploads\/2026\/02\/2023-Plantes-et-Fleurs-3-1200x900.jpg 1200w, https:\/\/www.camping-coulvee-chemille.com\/wp-content\/uploads\/2026\/02\/2023-Plantes-et-Fleurs-3-scaled.jpg 2560w\" data-sizes=\"auto\" \/><\/div><\/div><\/div><\/div><div class=\"awb-swiper-button awb-swiper-button-prev\"><i class=\"awb-icon-angle-left\" aria-hidden=\"true\"><\/i><\/div><div class=\"awb-swiper-button awb-swiper-button-next\"><i class=\"awb-icon-angle-right\" aria-hidden=\"true\"><\/i><\/div><\/div><\/div><\/div><\/div><\/div><\/div>\n","protected":false},"excerpt":{"rendered":"","protected":false},"author":10,"featured_media":0,"parent":0,"menu_order":0,"comment_status":"closed","ping_status":"closed","template":"","meta":{"footnotes":""},"class_list":["post-21820","page","type-page","status-publish","hentry"],"yoast_head":"<!-- This site is optimized with the Yoast SEO plugin v27.5 - https:\/\/yoast.com\/product\/yoast-seo-wordpress\/ -->\n<title>Chemill\u00e9 and nearby areas - Camping Coulv\u00e9e<\/title>\n<meta name=\"description\" content=\"Venez d\u00e9couvrir Chemill\u00e9 et ses alentours en s\u00e9journant au sein du Camping de Coulv\u00e9e. Nos h\u00e9bergements r\u00e9pondrons parfaitement \u00e0 vos besoins.\" \/>\n<meta name=\"robots\" content=\"index, follow, max-snippet:-1, max-image-preview:large, max-video-preview:-1\" \/>\n<link rel=\"canonical\" href=\"https:\/\/www.camping-coulvee-chemille.com\/en\/chemille-and-nearby-areas\/\" \/>\n<meta property=\"og:locale\" content=\"en_US\" \/>\n<meta property=\"og:type\" content=\"article\" \/>\n<meta property=\"og:title\" content=\"Chemill\u00e9 and nearby areas - Camping Coulv\u00e9e\" \/>\n<meta property=\"og:description\" content=\"Venez d\u00e9couvrir Chemill\u00e9 et ses alentours en s\u00e9journant au sein du Camping de Coulv\u00e9e. Nos h\u00e9bergements r\u00e9pondrons parfaitement \u00e0 vos besoins.\" \/>\n<meta property=\"og:url\" content=\"https:\/\/www.camping-coulvee-chemille.com\/en\/chemille-and-nearby-areas\/\" \/>\n<meta property=\"og:site_name\" content=\"Camping Coulv\u00e9e\" \/>\n<meta property=\"article:modified_time\" content=\"2026-03-09T15:30:36+00:00\" \/>\n<meta name=\"twitter:card\" content=\"summary_large_image\" \/>\n<meta name=\"twitter:label1\" content=\"Est. reading time\" \/>\n\t<meta name=\"twitter:data1\" content=\"2 minutes\" \/>\n<script type=\"application\/ld+json\" class=\"yoast-schema-graph\">{\"@context\":\"https:\\\/\\\/schema.org\",\"@graph\":[{\"@type\":\"WebPage\",\"@id\":\"https:\\\/\\\/www.camping-coulvee-chemille.com\\\/en\\\/chemille-and-nearby-areas\\\/\",\"url\":\"https:\\\/\\\/www.camping-coulvee-chemille.com\\\/en\\\/chemille-and-nearby-areas\\\/\",\"name\":\"Chemill\u00e9 and nearby areas - Camping Coulv\u00e9e\",\"isPartOf\":{\"@id\":\"https:\\\/\\\/www.camping-coulvee-chemille.com\\\/#website\"},\"datePublished\":\"2026-03-09T15:27:09+00:00\",\"dateModified\":\"2026-03-09T15:30:36+00:00\",\"description\":\"Venez d\u00e9couvrir Chemill\u00e9 et ses alentours en s\u00e9journant au sein du Camping de Coulv\u00e9e. Nos h\u00e9bergements r\u00e9pondrons parfaitement \u00e0 vos besoins.\",\"breadcrumb\":{\"@id\":\"https:\\\/\\\/www.camping-coulvee-chemille.com\\\/en\\\/chemille-and-nearby-areas\\\/#breadcrumb\"},\"inLanguage\":\"en-US\",\"potentialAction\":[{\"@type\":\"ReadAction\",\"target\":[\"https:\\\/\\\/www.camping-coulvee-chemille.com\\\/en\\\/chemille-and-nearby-areas\\\/\"]}]},{\"@type\":\"BreadcrumbList\",\"@id\":\"https:\\\/\\\/www.camping-coulvee-chemille.com\\\/en\\\/chemille-and-nearby-areas\\\/#breadcrumb\",\"itemListElement\":[{\"@type\":\"ListItem\",\"position\":1,\"name\":\"Accueil\",\"item\":\"https:\\\/\\\/www.camping-coulvee-chemille.com\\\/en\\\/\"},{\"@type\":\"ListItem\",\"position\":2,\"name\":\"Chemill\u00e9 and nearby areas\"}]},{\"@type\":\"WebSite\",\"@id\":\"https:\\\/\\\/www.camping-coulvee-chemille.com\\\/#website\",\"url\":\"https:\\\/\\\/www.camping-coulvee-chemille.com\\\/\",\"name\":\"Camping Coulv\u00e9e\",\"description\":\"Un camping entre calme, nature et proximit\u00e9 du Puy du Fou\",\"potentialAction\":[{\"@type\":\"SearchAction\",\"target\":{\"@type\":\"EntryPoint\",\"urlTemplate\":\"https:\\\/\\\/www.camping-coulvee-chemille.com\\\/?s={search_term_string}\"},\"query-input\":{\"@type\":\"PropertyValueSpecification\",\"valueRequired\":true,\"valueName\":\"search_term_string\"}}],\"inLanguage\":\"en-US\"}]}<\/script>\n<!-- \/ Yoast SEO plugin. -->","yoast_head_json":{"title":"Chemill\u00e9 and nearby areas - Camping Coulv\u00e9e","description":"Venez d\u00e9couvrir Chemill\u00e9 et ses alentours en s\u00e9journant au sein du Camping de Coulv\u00e9e. Nos h\u00e9bergements r\u00e9pondrons parfaitement \u00e0 vos besoins.","robots":{"index":"index","follow":"follow","max-snippet":"max-snippet:-1","max-image-preview":"max-image-preview:large","max-video-preview":"max-video-preview:-1"},"canonical":"https:\/\/www.camping-coulvee-chemille.com\/en\/chemille-and-nearby-areas\/","og_locale":"en_US","og_type":"article","og_title":"Chemill\u00e9 and nearby areas - Camping Coulv\u00e9e","og_description":"Venez d\u00e9couvrir Chemill\u00e9 et ses alentours en s\u00e9journant au sein du Camping de Coulv\u00e9e. Nos h\u00e9bergements r\u00e9pondrons parfaitement \u00e0 vos besoins.","og_url":"https:\/\/www.camping-coulvee-chemille.com\/en\/chemille-and-nearby-areas\/","og_site_name":"Camping Coulv\u00e9e","article_modified_time":"2026-03-09T15:30:36+00:00","twitter_card":"summary_large_image","twitter_misc":{"Est. reading time":"2 minutes"},"schema":{"@context":"https:\/\/schema.org","@graph":[{"@type":"WebPage","@id":"https:\/\/www.camping-coulvee-chemille.com\/en\/chemille-and-nearby-areas\/","url":"https:\/\/www.camping-coulvee-chemille.com\/en\/chemille-and-nearby-areas\/","name":"Chemill\u00e9 and nearby areas - Camping Coulv\u00e9e","isPartOf":{"@id":"https:\/\/www.camping-coulvee-chemille.com\/#website"},"datePublished":"2026-03-09T15:27:09+00:00","dateModified":"2026-03-09T15:30:36+00:00","description":"Venez d\u00e9couvrir Chemill\u00e9 et ses alentours en s\u00e9journant au sein du Camping de Coulv\u00e9e. Nos h\u00e9bergements r\u00e9pondrons parfaitement \u00e0 vos besoins.","breadcrumb":{"@id":"https:\/\/www.camping-coulvee-chemille.com\/en\/chemille-and-nearby-areas\/#breadcrumb"},"inLanguage":"en-US","potentialAction":[{"@type":"ReadAction","target":["https:\/\/www.camping-coulvee-chemille.com\/en\/chemille-and-nearby-areas\/"]}]},{"@type":"BreadcrumbList","@id":"https:\/\/www.camping-coulvee-chemille.com\/en\/chemille-and-nearby-areas\/#breadcrumb","itemListElement":[{"@type":"ListItem","position":1,"name":"Accueil","item":"https:\/\/www.camping-coulvee-chemille.com\/en\/"},{"@type":"ListItem","position":2,"name":"Chemill\u00e9 and nearby areas"}]},{"@type":"WebSite","@id":"https:\/\/www.camping-coulvee-chemille.com\/#website","url":"https:\/\/www.camping-coulvee-chemille.com\/","name":"Camping Coulv\u00e9e","description":"Un camping entre calme, nature et proximit\u00e9 du Puy du Fou","potentialAction":[{"@type":"SearchAction","target":{"@type":"EntryPoint","urlTemplate":"https:\/\/www.camping-coulvee-chemille.com\/?s={search_term_string}"},"query-input":{"@type":"PropertyValueSpecification","valueRequired":true,"valueName":"search_term_string"}}],"inLanguage":"en-US"}]}},"_links":{"self":[{"href":"https:\/\/www.camping-coulvee-chemille.com\/en\/wp-json\/wp\/v2\/pages\/21820","targetHints":{"allow":["GET"]}}],"collection":[{"href":"https:\/\/www.camping-coulvee-chemille.com\/en\/wp-json\/wp\/v2\/pages"}],"about":[{"href":"https:\/\/www.camping-coulvee-chemille.com\/en\/wp-json\/wp\/v2\/types\/page"}],"author":[{"embeddable":true,"href":"https:\/\/www.camping-coulvee-chemille.com\/en\/wp-json\/wp\/v2\/users\/10"}],"replies":[{"embeddable":true,"href":"https:\/\/www.camping-coulvee-chemille.com\/en\/wp-json\/wp\/v2\/comments?post=21820"}],"version-history":[{"count":1,"href":"https:\/\/www.camping-coulvee-chemille.com\/en\/wp-json\/wp\/v2\/pages\/21820\/revisions"}],"predecessor-version":[{"id":21821,"href":"https:\/\/www.camping-coulvee-chemille.com\/en\/wp-json\/wp\/v2\/pages\/21820\/revisions\/21821"}],"wp:attachment":[{"href":"https:\/\/www.camping-coulvee-chemille.com\/en\/wp-json\/wp\/v2\/media?parent=21820"}],"curies":[{"name":"wp","href":"https:\/\/api.w.org\/{rel}","templated":true}]}}