{"id":21865,"date":"2026-03-10T12:19:27","date_gmt":"2026-03-10T11:19:27","guid":{"rendered":"https:\/\/www.camping-coulvee-chemille.com\/?page_id=21865"},"modified":"2026-03-10T12:19:27","modified_gmt":"2026-03-10T11:19:27","slug":"services-and-facilities","status":"publish","type":"page","link":"https:\/\/www.camping-coulvee-chemille.com\/en\/services-and-facilities\/","title":{"rendered":"Services and Facilities"},"content":{"rendered":"<p><div class=\"fusion-fullwidth fullwidth-box fusion-builder-row-1 fusion-flex-container has-pattern-background has-mask-background nonhundred-percent-fullwidth non-hundred-percent-height-scrolling\" style=\"--awb-border-radius-top-left:0px;--awb-border-radius-top-right:0px;--awb-border-radius-bottom-right:0px;--awb-border-radius-bottom-left:0px;--awb-flex-wrap:wrap;\" ><div class=\"fusion-builder-row fusion-row fusion-flex-align-items-flex-start fusion-flex-content-wrap\" style=\"max-width:1216.8px;margin-left: calc(-4% \/ 2 );margin-right: calc(-4% \/ 2 );\"><div class=\"fusion-layout-column fusion_builder_column fusion-builder-column-0 fusion_builder_column_1_1 1_1 fusion-flex-column\" style=\"--awb-bg-size:cover;--awb-width-large:100%;--awb-margin-top-large:15px;--awb-spacing-right-large:1.92%;--awb-margin-bottom-large:15px;--awb-spacing-left-large:1.92%;--awb-width-medium:100%;--awb-order-medium:0;--awb-spacing-right-medium:1.92%;--awb-spacing-left-medium:1.92%;--awb-width-small:100%;--awb-order-small:0;--awb-spacing-right-small:1.92%;--awb-spacing-left-small:1.92%;\"><div class=\"fusion-column-wrapper fusion-column-has-shadow fusion-flex-justify-content-flex-start fusion-content-layout-column\"><div class=\"fusion-text fusion-text-1\"><h1><strong style=\"color: #000000; font-size: 37px;\" data-fusion-font=\"true\">SERVICES AND FACILITIES AT CAMPING DE COULV\u00c9E<\/strong><\/h1>\n<\/div><\/div><\/div><\/div><\/div><div class=\"fusion-fullwidth fullwidth-box fusion-builder-row-2 fusion-flex-container has-pattern-background has-mask-background nonhundred-percent-fullwidth non-hundred-percent-height-scrolling\" style=\"--awb-border-radius-top-left:0px;--awb-border-radius-top-right:0px;--awb-border-radius-bottom-right:0px;--awb-border-radius-bottom-left:0px;--awb-flex-wrap:wrap;\" ><div class=\"fusion-builder-row fusion-row fusion-flex-align-items-flex-start fusion-flex-content-wrap\" style=\"max-width:1216.8px;margin-left: calc(-4% \/ 2 );margin-right: calc(-4% \/ 2 );\"><\/div><\/div><div class=\"fusion-fullwidth fullwidth-box fusion-builder-row-3 fusion-flex-container has-pattern-background has-mask-background nonhundred-percent-fullwidth non-hundred-percent-height-scrolling\" style=\"--awb-border-radius-top-left:0px;--awb-border-radius-top-right:0px;--awb-border-radius-bottom-right:0px;--awb-border-radius-bottom-left:0px;--awb-flex-wrap:wrap;\" ><div class=\"fusion-builder-row fusion-row fusion-flex-align-items-flex-start fusion-flex-content-wrap\" style=\"max-width:1216.8px;margin-left: calc(-4% \/ 2 );margin-right: calc(-4% \/ 2 );\"><div class=\"fusion-layout-column fusion_builder_column fusion-builder-column-1 fusion_builder_column_1_1 1_1 fusion-flex-column\" style=\"--awb-bg-size:cover;--awb-width-large:100%;--awb-margin-top-large:15px;--awb-spacing-right-large:1.92%;--awb-margin-bottom-large:15px;--awb-spacing-left-large:1.92%;--awb-width-medium:100%;--awb-order-medium:0;--awb-spacing-right-medium:1.92%;--awb-spacing-left-medium:1.92%;--awb-width-small:100%;--awb-order-small:0;--awb-spacing-right-small:1.92%;--awb-spacing-left-small:1.92%;\"><div class=\"fusion-column-wrapper fusion-column-has-shadow fusion-flex-justify-content-flex-start fusion-content-layout-column\"><div class=\"fusion-text fusion-text-2\"><p data-start=\"149\" data-end=\"301\">Camping de Coulv\u00e9e offers modern sanitary facilities with hot showers and sinks, as well as water points conveniently distributed throughout the site.<\/p>\n<p data-start=\"303\" data-end=\"431\">Pitches for tents, caravans, and motorhomes come with electrical hookups, and a service area for motorhomes is also available.<\/p>\n<p data-start=\"433\" data-end=\"524\">Guests can enjoy barbecues and picnic tables, perfect for sharing friendly outdoor meals.<\/p>\n<p data-start=\"526\" data-end=\"662\">Campers also benefit from <strong data-start=\"552\" data-end=\"591\">Wi-Fi access across the entire site<\/strong>, proximity to a water body with a swimming area, and a fishing zone.<\/p>\n<p data-start=\"664\" data-end=\"748\">A daytime bar\/snack area serves ice creams, fruit juices, and a variety of drinks.<\/p>\n<\/div><\/div><\/div><div class=\"fusion-layout-column fusion_builder_column fusion-builder-column-2 fusion_builder_column_2_5 2_5 fusion-flex-column\" style=\"--awb-bg-size:cover;--awb-width-large:40%;--awb-margin-top-large:15px;--awb-spacing-right-large:4.8%;--awb-margin-bottom-large:15px;--awb-spacing-left-large:4.8%;--awb-width-medium:100%;--awb-order-medium:0;--awb-spacing-right-medium:1.92%;--awb-spacing-left-medium:1.92%;--awb-width-small:100%;--awb-order-small:0;--awb-spacing-right-small:1.92%;--awb-spacing-left-small:1.92%;\"><div class=\"fusion-column-wrapper fusion-column-has-shadow fusion-flex-justify-content-flex-start fusion-content-layout-column\"><div class=\"fusion-image-element \" style=\"text-align:center;--awb-caption-title-font-family:var(--h2_typography-font-family);--awb-caption-title-font-weight:var(--h2_typography-font-weight);--awb-caption-title-font-style:var(--h2_typography-font-style);--awb-caption-title-size:var(--h2_typography-font-size);--awb-caption-title-transform:var(--h2_typography-text-transform);--awb-caption-title-line-height:var(--h2_typography-line-height);--awb-caption-title-letter-spacing:var(--h2_typography-letter-spacing);\"><span class=\" fusion-imageframe imageframe-none imageframe-1 hover-type-none\" style=\"border:7px solid var(--awb-color4);\"><img decoding=\"async\" width=\"800\" height=\"533\" title=\"\u00a9D.Drouet-6595\" src=\"https:\/\/www.camping-coulvee-chemille.com\/wp-content\/uploads\/2026\/02\/\u00a9D.Drouet-6595-scaled.jpg\" data-orig-src=\"https:\/\/www.camping-coulvee-chemille.com\/wp-content\/uploads\/2026\/02\/\u00a9D.Drouet-6595-800x533.jpg\" alt class=\"lazyload img-responsive wp-image-21647\" srcset=\"data:image\/svg+xml,%3Csvg%20xmlns%3D%27http%3A%2F%2Fwww.w3.org%2F2000%2Fsvg%27%20width%3D%272560%27%20height%3D%271707%27%20viewBox%3D%270%200%202560%201707%27%3E%3Crect%20width%3D%272560%27%20height%3D%271707%27%20fill-opacity%3D%220%22%2F%3E%3C%2Fsvg%3E\" data-srcset=\"https:\/\/www.camping-coulvee-chemille.com\/wp-content\/uploads\/2026\/02\/\u00a9D.Drouet-6595-200x133.jpg 200w, https:\/\/www.camping-coulvee-chemille.com\/wp-content\/uploads\/2026\/02\/\u00a9D.Drouet-6595-400x267.jpg 400w, https:\/\/www.camping-coulvee-chemille.com\/wp-content\/uploads\/2026\/02\/\u00a9D.Drouet-6595-600x400.jpg 600w, https:\/\/www.camping-coulvee-chemille.com\/wp-content\/uploads\/2026\/02\/\u00a9D.Drouet-6595-800x533.jpg 800w, https:\/\/www.camping-coulvee-chemille.com\/wp-content\/uploads\/2026\/02\/\u00a9D.Drouet-6595-1200x800.jpg 1200w\" data-sizes=\"auto\" data-orig-sizes=\"(max-width: 1024px) 100vw, (max-width: 640px) 100vw, 600px\" \/><\/span><\/div><\/div><\/div><\/div><\/div><\/p>\n","protected":false},"excerpt":{"rendered":"","protected":false},"author":10,"featured_media":0,"parent":0,"menu_order":0,"comment_status":"closed","ping_status":"closed","template":"","meta":{"footnotes":""},"class_list":["post-21865","page","type-page","status-publish","hentry"],"yoast_head":"<!-- This site is optimized with the Yoast SEO plugin v27.4 - https:\/\/yoast.com\/product\/yoast-seo-wordpress\/ -->\n<title>Services and Facilities - Camping Coulv\u00e9e<\/title>\n<meta name=\"description\" content=\"D\u00e9couvrez les services et \u00e9quipements au sein du camping de Coulv\u00e9e. Notre camping r\u00e9pondra \u00e0 tous vos besoins le temps d&#039;un s\u00e9jour.\" \/>\n<meta name=\"robots\" content=\"index, follow, max-snippet:-1, max-image-preview:large, max-video-preview:-1\" \/>\n<link rel=\"canonical\" href=\"https:\/\/www.camping-coulvee-chemille.com\/en\/services-and-facilities\/\" \/>\n<meta property=\"og:locale\" content=\"en_US\" \/>\n<meta property=\"og:type\" content=\"article\" \/>\n<meta property=\"og:title\" content=\"Services and Facilities - Camping Coulv\u00e9e\" \/>\n<meta property=\"og:description\" content=\"D\u00e9couvrez les services et \u00e9quipements au sein du camping de Coulv\u00e9e. Notre camping r\u00e9pondra \u00e0 tous vos besoins le temps d&#039;un s\u00e9jour.\" \/>\n<meta property=\"og:url\" content=\"https:\/\/www.camping-coulvee-chemille.com\/en\/services-and-facilities\/\" \/>\n<meta property=\"og:site_name\" content=\"Camping Coulv\u00e9e\" \/>\n<meta name=\"twitter:card\" content=\"summary_large_image\" \/>\n<meta name=\"twitter:label1\" content=\"Est. reading time\" \/>\n\t<meta name=\"twitter:data1\" content=\"1 minute\" \/>\n<script type=\"application\/ld+json\" class=\"yoast-schema-graph\">{\"@context\":\"https:\\\/\\\/schema.org\",\"@graph\":[{\"@type\":\"WebPage\",\"@id\":\"https:\\\/\\\/www.camping-coulvee-chemille.com\\\/en\\\/services-and-facilities\\\/\",\"url\":\"https:\\\/\\\/www.camping-coulvee-chemille.com\\\/en\\\/services-and-facilities\\\/\",\"name\":\"Services and Facilities - Camping Coulv\u00e9e\",\"isPartOf\":{\"@id\":\"https:\\\/\\\/www.camping-coulvee-chemille.com\\\/#website\"},\"datePublished\":\"2026-03-10T11:19:27+00:00\",\"description\":\"D\u00e9couvrez les services et \u00e9quipements au sein du camping de Coulv\u00e9e. Notre camping r\u00e9pondra \u00e0 tous vos besoins le temps d'un s\u00e9jour.\",\"breadcrumb\":{\"@id\":\"https:\\\/\\\/www.camping-coulvee-chemille.com\\\/en\\\/services-and-facilities\\\/#breadcrumb\"},\"inLanguage\":\"en-US\",\"potentialAction\":[{\"@type\":\"ReadAction\",\"target\":[\"https:\\\/\\\/www.camping-coulvee-chemille.com\\\/en\\\/services-and-facilities\\\/\"]}]},{\"@type\":\"BreadcrumbList\",\"@id\":\"https:\\\/\\\/www.camping-coulvee-chemille.com\\\/en\\\/services-and-facilities\\\/#breadcrumb\",\"itemListElement\":[{\"@type\":\"ListItem\",\"position\":1,\"name\":\"Accueil\",\"item\":\"https:\\\/\\\/www.camping-coulvee-chemille.com\\\/en\\\/\"},{\"@type\":\"ListItem\",\"position\":2,\"name\":\"Services and Facilities\"}]},{\"@type\":\"WebSite\",\"@id\":\"https:\\\/\\\/www.camping-coulvee-chemille.com\\\/#website\",\"url\":\"https:\\\/\\\/www.camping-coulvee-chemille.com\\\/\",\"name\":\"Camping Coulv\u00e9e\",\"description\":\"Un camping entre calme, nature et proximit\u00e9 du Puy du Fou\",\"potentialAction\":[{\"@type\":\"SearchAction\",\"target\":{\"@type\":\"EntryPoint\",\"urlTemplate\":\"https:\\\/\\\/www.camping-coulvee-chemille.com\\\/?s={search_term_string}\"},\"query-input\":{\"@type\":\"PropertyValueSpecification\",\"valueRequired\":true,\"valueName\":\"search_term_string\"}}],\"inLanguage\":\"en-US\"}]}<\/script>\n<!-- \/ Yoast SEO plugin. -->","yoast_head_json":{"title":"Services and Facilities - Camping Coulv\u00e9e","description":"D\u00e9couvrez les services et \u00e9quipements au sein du camping de Coulv\u00e9e. Notre camping r\u00e9pondra \u00e0 tous vos besoins le temps d'un s\u00e9jour.","robots":{"index":"index","follow":"follow","max-snippet":"max-snippet:-1","max-image-preview":"max-image-preview:large","max-video-preview":"max-video-preview:-1"},"canonical":"https:\/\/www.camping-coulvee-chemille.com\/en\/services-and-facilities\/","og_locale":"en_US","og_type":"article","og_title":"Services and Facilities - Camping Coulv\u00e9e","og_description":"D\u00e9couvrez les services et \u00e9quipements au sein du camping de Coulv\u00e9e. Notre camping r\u00e9pondra \u00e0 tous vos besoins le temps d'un s\u00e9jour.","og_url":"https:\/\/www.camping-coulvee-chemille.com\/en\/services-and-facilities\/","og_site_name":"Camping Coulv\u00e9e","twitter_card":"summary_large_image","twitter_misc":{"Est. reading time":"1 minute"},"schema":{"@context":"https:\/\/schema.org","@graph":[{"@type":"WebPage","@id":"https:\/\/www.camping-coulvee-chemille.com\/en\/services-and-facilities\/","url":"https:\/\/www.camping-coulvee-chemille.com\/en\/services-and-facilities\/","name":"Services and Facilities - Camping Coulv\u00e9e","isPartOf":{"@id":"https:\/\/www.camping-coulvee-chemille.com\/#website"},"datePublished":"2026-03-10T11:19:27+00:00","description":"D\u00e9couvrez les services et \u00e9quipements au sein du camping de Coulv\u00e9e. Notre camping r\u00e9pondra \u00e0 tous vos besoins le temps d'un s\u00e9jour.","breadcrumb":{"@id":"https:\/\/www.camping-coulvee-chemille.com\/en\/services-and-facilities\/#breadcrumb"},"inLanguage":"en-US","potentialAction":[{"@type":"ReadAction","target":["https:\/\/www.camping-coulvee-chemille.com\/en\/services-and-facilities\/"]}]},{"@type":"BreadcrumbList","@id":"https:\/\/www.camping-coulvee-chemille.com\/en\/services-and-facilities\/#breadcrumb","itemListElement":[{"@type":"ListItem","position":1,"name":"Accueil","item":"https:\/\/www.camping-coulvee-chemille.com\/en\/"},{"@type":"ListItem","position":2,"name":"Services and Facilities"}]},{"@type":"WebSite","@id":"https:\/\/www.camping-coulvee-chemille.com\/#website","url":"https:\/\/www.camping-coulvee-chemille.com\/","name":"Camping Coulv\u00e9e","description":"Un camping entre calme, nature et proximit\u00e9 du Puy du Fou","potentialAction":[{"@type":"SearchAction","target":{"@type":"EntryPoint","urlTemplate":"https:\/\/www.camping-coulvee-chemille.com\/?s={search_term_string}"},"query-input":{"@type":"PropertyValueSpecification","valueRequired":true,"valueName":"search_term_string"}}],"inLanguage":"en-US"}]}},"_links":{"self":[{"href":"https:\/\/www.camping-coulvee-chemille.com\/en\/wp-json\/wp\/v2\/pages\/21865","targetHints":{"allow":["GET"]}}],"collection":[{"href":"https:\/\/www.camping-coulvee-chemille.com\/en\/wp-json\/wp\/v2\/pages"}],"about":[{"href":"https:\/\/www.camping-coulvee-chemille.com\/en\/wp-json\/wp\/v2\/types\/page"}],"author":[{"embeddable":true,"href":"https:\/\/www.camping-coulvee-chemille.com\/en\/wp-json\/wp\/v2\/users\/10"}],"replies":[{"embeddable":true,"href":"https:\/\/www.camping-coulvee-chemille.com\/en\/wp-json\/wp\/v2\/comments?post=21865"}],"version-history":[{"count":1,"href":"https:\/\/www.camping-coulvee-chemille.com\/en\/wp-json\/wp\/v2\/pages\/21865\/revisions"}],"predecessor-version":[{"id":21866,"href":"https:\/\/www.camping-coulvee-chemille.com\/en\/wp-json\/wp\/v2\/pages\/21865\/revisions\/21866"}],"wp:attachment":[{"href":"https:\/\/www.camping-coulvee-chemille.com\/en\/wp-json\/wp\/v2\/media?parent=21865"}],"curies":[{"name":"wp","href":"https:\/\/api.w.org\/{rel}","templated":true}]}}